{"id":10,"date":"2021-01-23T14:44:23","date_gmt":"2021-01-23T13:44:23","guid":{"rendered":"https:\/\/artis-diversis.eu\/S\/impressum"},"modified":"2021-04-30T07:16:08","modified_gmt":"2021-04-30T05:16:08","slug":"impressum","status":"publish","type":"page","link":"https:\/\/artis-diversis.eu\/S\/impressum","title":{"rendered":"LEGALES U. IMPRESSUM | LEGAL &#038; IMPRINT"},"content":{"rendered":"<p><img loading=\"lazy\" decoding=\"async\" class=\"alignnone size-full wp-image-3136\" src=\"https:\/\/www.artis-diversis.eu\/wp-content\/uploads\/AD-IMPRESSUM-1200.jpg\" alt=\"AD-IMPRESSUM\" width=\"1890\" height=\"600\" \/><\/p>\n<hr style=\"border: none; border-top: 1px dotted #666666; background-color: #dddddd; height: 1px;\" \/>\n<div class=\"column-grid column-grid-4\"><div class=\"column column-span-2 column-push-0 column-first\"><\/p>\n<p class=\"style5\" style=\"text-align: right;\"><strong>Angaben gem\u00e4\u00df \u00a7 5 TMG und \u00a7 55 Abs. 2 RStV:<\/strong><\/p>\n<p style=\"text-align: right; color: #333333; font-size: 11.0pt;\">ARTIS DIVERSIS &#8211; JOHANN A.G. BALOGHY<br \/>\nRegensburg | Bavaria | Germany<br \/>\nE-Mail: info(at)Artis-Diversis.eu<br \/>\nTelefon: +49 (0) 941 9925320\n<\/p>\n<p class=\"style5\" style=\"text-align: right;\"><strong><br \/>\nUSt-IdNr u. St-Nr.:<\/strong><\/p>\n<p class=\"style4\" style=\"text-align: right;\">\n<p style=\"text-align: right; color: #333333; font-size: 11.0pt;\">\nUSt-IdNr.: DE193233525<br \/>\nSt-Nr.: 244\/202\/40933\n<\/p>\n<p>\n<\/div><br \/>\n<div class=\"column column-span-2 column-push-0 column-last\"><\/p>\n<p class=\"style5\"><strong>Bayerische Architektenkammer:<\/strong><\/p>\n<p style=\"text-align: left; color: #333333; font-size: 11.0pt;\">\nMitglieds-Nr. ByAK 169 692<br \/>\nBayerische Architektenkammer<br \/>\nK\u00f6rperschaft des \u00d6ffentlichen Rechts<br \/>\nWaisenhausstr. 4, 80637 M\u00fcnchen\n<\/p>\n<p class=\"style5\"><strong>DVPJ Deutscher Verband der Pressejournalisten:<\/strong><\/p>\n<p style=\"text-align: left; color: #333333; font-size: 11.0pt;\">\nEhem. Zert. Mitglied der International Press EU.VI 5782 202 &#8211; IPC<br \/>\nEhem. Zert. Mitglied des DVPJ MC IIV-09-02 5782-42 AC<br \/>\nAnnette-Kolb-Str. 16, D-85055 Ingolstadt\n<\/p>\n<p>\n<\/div><\/div><\/p>\n<hr style=\"border: none; border-top: 1px dotted #666666; background-color: #dddddd; height: 1px;\"\/>\n<span style=\"text-decoration: underline;\"><strong>LEGAL NOTICE, DISCLAIMER &amp; TERMS OF USE, ACCORDING TO THE EU GENERAL DATA PROTECTION REGULATION (GDPR) | EU DATENSCHUTZ-GRUNDVERORDNUNG (DSGVO) AND GERMAN LAW \u00a7 5 TMG and \u00a7 55 Abs. 2 RStV, COMPLIANT WITH INTERNATIONAL TREATIES ABOUT COMMUNICATIONS AND TELECOMMUNICATION REGULATIONS<\/strong><br \/>\n<\/span> <\/p>\n<p class=\"style5\" style=\"text-align: center;\"><strong>WICHTIGER HINWEIS! &#8211; IMPORTANT NOTE! &#8211; AVIS IMPORTANT!<\/strong><\/p>\n<p style=\"text-align: justify; color: #333333; font-size: 11.3pt;\">Jeder festgestellte Missbrauch und\/oder versuchte Straftat gegen die ARTIS DIVERSIS Internet Homesite und\/oder gegen Image, Ziele, Aktivit\u00e4ten, Seiten, Inhalte und Mitteilungen von ARTIS DIVERSIS Internet Homesite, wird den deutschen LKA, BKA, dem europ\u00e4ischen EUROPOL und\/oder dem jeweiligen Internationalen Strafverfolgungsbeh\u00f6rden, unverz\u00fcglich bekannt gegeben.<br \/>\nJede Art von Sch\u00e4den an der ARTIS DIVERSIS Internet Homesite und\/oder Image von ARTIS DIVERSIS, die durch Dritte, Homepage-Besucher, usw., verursacht wurden, f\u00fchrt zu rechtlichen Schritten und zu strafrechtlichen Anklagen, gegen die T\u00e4ter.<br \/>\nEU Recht konformen Mechanismen, f\u00fcr das Sch\u00fctzen der berechtigten Interessen des Inhabers und der ARTIS DIVERSIS Internet Homesite, sind dauerhaft im Einsatz!<br \/>\n+++<br \/>\nAny detected abuse and\/or attempted criminal offense against the ARTIS DIVERSIS Internet Homesite and\/or against image, goals, activities, pages, content and communications of ARTIS DIVERSIS Internet Homesite, will be immediately reported to the German LKA, BKA, the European EUROPOL and\/or the respective international law enforcement authorities.<br \/>\nAny kind of damage to the ARTIS DIVERSIS Internet Homesite and\/or its image, caused by third parties, website visitors, etc., leads to legal action and criminal charges against the perpetrator.<br \/>\nMechanisms that comply with EU law, for protecting the legitimate interests of the owner and the ARTIS DIVERSIS Internet Homesite, are in permanent use!<br \/>\n+++<br \/>\nTout abus d\u00e9tect\u00e9 et\/ou tentative d&#8217;infraction p\u00e9nale contre le site Internet ARTIS DIVERSIS et\/ou contre l&#8217;image, objectifs, activit\u00e9s, pages, contenu et les communications du site Internet ARTIS DIVERSIS, seront signal\u00e9s et annonc\u00e9 imm\u00e9diatement au LKA, BKA allemand, \u00e0 l&#8217;EUROPOL europ\u00e9en et\/ou aux autorit\u00e9s r\u00e9pressives internationales respectives.<br \/>\nTout type de dommage au Site Internet ARTIS DIVERSIS et\/ou \u00e0 son image, caus\u00e9 par des tiers, des visiteurs du Website, etc., entra\u00eene des poursuites judiciaires et des poursuites p\u00e9nales contre l&#8217;auteur.<br \/>\nLes m\u00e9canismes conformes au droit de l&#8217;UE pour prot\u00e9ger les int\u00e9r\u00eats l\u00e9gitimes du propri\u00e9taire et du site Internet ARTIS DIVERSIS sont en permanence utilis\u00e9s!\n<\/p>\n<p class=\"style5\" style=\"text-align: center;\"><strong>HAFTUNGSAUSSCHLUSS<\/strong><\/p>\n<p style=\"text-align: justify; color: #333333; font-size: 11.3pt;\">Die Inhalte meiner Seiten wurden mit gr\u00f6\u00dfter Sorgfalt erstellt. F\u00fcr die Richtigkeit, Vollst\u00e4ndigkeit und Aktualit\u00e4t der Inhalte kann ich jedoch keine Gew\u00e4hr \u00fcbernehmen. ARTIS DIVERSIS &#8211; Johann A.G. Baloghy und die Autoren \u00fcbernehmen keine Gew\u00e4hr f\u00fcr die Funktion einzelner Seiten oder von Teilen derselben. Insbesondere wird keine Haftung f\u00fcr eventuelle, aus dem Gebrauch resultierenden Sch\u00e4den und\/oder Folgesch\u00e4den \u00fcbernommen. Als Diensteanbieter bin ich gem\u00e4\u00df \u00a7 7 Abs.1 TMG f\u00fcr eigene Inhalte auf diesen Seiten nach den allgemeinen Gesetzen verantwortlich. Nach \u00a7\u00a7 8 bis 10 TMG bin ich als Diensteanbieter jedoch nicht verpflichtet, \u00fcbermittelte oder gespeicherte fremde Informationen zu \u00fcberwachen oder nach Umst\u00e4nden zu forschen, die auf eine rechtswidrige T\u00e4tigkeit hinweisen. Verpflichtungen zur Entfernung oder Sperrung der Nutzung von Informationen nach den allgemeinen Gesetzen bleiben hiervon unber\u00fchrt. Eine diesbez\u00fcgliche Haftung ist jedoch erst ab dem Zeitpunkt der Kenntnis einer konkreten Rechtsverletzung m\u00f6glich. Bei Bekanntwerden von entsprechenden Rechtsverletzungen werde ich diese Inhalte umgehend entfernen.\n<\/p>\n<p class=\"style4\" style=\"text-align: center;\"><strong>HAFTUNG F\u00dcR LINKS<\/strong><\/p>\n<p style=\"text-align: justify; color: #333333; font-size: 11.3pt;\">Mein Angebot enth\u00e4lt Links zu externen Webseiten Dritter, auf deren Inhalte ich keinen Einfluss habe. Deshalb kann ich f\u00fcr diese fremden Inhalte auch keine Gew\u00e4hr \u00fcbernehmen. F\u00fcr die Inhalte der verlinkten Seiten ist stets der jeweilige Anbieter oder Betreiber der Seiten verantwortlich. Die verlinkten Seiten wurden zum Zeitpunkt der Verlinkung auf m\u00f6gliche Rechtsverst\u00f6\u00dfe \u00fcberpr\u00fcft. Rechtswidrige Inhalte waren zum Zeitpunkt der Verlinkung nicht erkennbar. Eine permanente inhaltliche Kontrolle der verlinkten Seiten ist jedoch ohne konkrete Anhaltspunkte einer Rechtsverletzung nicht zumutbar. Bei Bekanntwerden von Rechtsverletzungen werde ich derartige Links umgehend entfernen.\n<\/p>\n<p class=\"style4\" style=\"text-align: center;\"><strong>URHEBERRECHT<\/strong><\/p>\n<p style=\"text-align: justify; color: #333333; font-size: 11.3pt;\">ARTIS DIVERSIS, ARTIS DIVERSIS &#8211; PORTAL, ARTIS DIVERSIS &#8211; ARTWORKS DIGITAL GALLERY und die zugeh\u00f6rigen Logos sind Marken des ARTIS DIVERSIS &#8211; JOHANN AG BALOGHY Unternehmens. Alle anderen Namen sind Marken ihrer jeweiligen Eigent\u00fcmer. Die durch ARTIS DIVERSIS \u2013 Johann A.G. Baloghy erstellten, pr\u00e4sentierten, und\/oder ver\u00f6ffentlichten Inhalte, Werke auf den PORTAL &#8211; Seiten wie z.B. die vorliegende Konzeption, Publikation, Layout, Integration als Ganzes (&#8222;Ensemble&#8220;), Graphiken, Texte, abgebildete Werke, Fotos, Musik, Filme, Webseiten und Daten, etc. und deren Quellcodes, auch auszugsweise, sind urheberrechtlich gesch\u00fctzt und unterliegen dem deutschen und\/oder internationalen Urheberrecht. Die Vervielf\u00e4ltigung, Bearbeitung, Verbreitung und jede Art der Verwertung au\u00dferhalb der Grenzen des Urheberrechtes bed\u00fcrfen der ausdr\u00fccklichen schriftlichen Zustimmung von ARTIS DIVERSIS \u2013 Johann A.G. Baloghy und des jeweiligen Autors bzw. Erstellers. Soweit die Inhalte auf diesen Seiten nicht vom Betreiber erstellt wurden, werden die Urheberrechte Dritter beachtet. Insbesondere werden Inhalte Dritter als solche gekennzeichnet. Sollten Sie trotzdem auf eine Urheberrechtsverletzung aufmerksam werden, bitte ich um einen entsprechenden Hinweis. Bei Bekanntwerden von Rechtsverletzungen werde ich derartige Inhalte umgehend entfernen.<br \/>\nDie Nutzung\/Verwertung jeglicher Art von im Rahmen der Impressumspflicht ver\u00f6ffentlichten eigenen Kontaktdaten wird hiermit ausdr\u00fccklich untersagt. ARTIS DIVERSIS &#8211; Johann A.G. Baloghy beh\u00e4lt sich ausdr\u00fccklich das Recht vor, rechtliche Schritte im Fall von Missbrauch der Seiteninhalte einzuleiten.\n<\/p>\n<p class=\"style4\" style=\"text-align: center;\"><strong>DATENSCHUTZ NACH DATENSCHUTZ-GRUNDVERORDNUNG (DSGVO) UND COOKIES<\/strong><\/p>\n<p style=\"text-align: justify; color: #333333; font-size: 11.3pt;\">Mit meinem Hostingprovider wurde vor dem 25.05.2018 die VEREINBARUNG ZUR AUFTRAGSVERARBEITUNG nach Art. 28 Abs. 3 Datenschutz-Grundverordnung (DSGVO) vertraglich abgeschlossen. Diese kann auf Verlangen jederzeit zur Einsicht f\u00fcr zugelassene und zust\u00e4ndige Datenschutzbeauftragte vorgelegt werden.<br \/>\nDie Artis-Diversis-Webseiten erheben keine Daten seiner Besucher. Die Kundendaten, die freiwillig registriert wurden, sind gesch\u00fctzt und werden Dritter nicht zur Verf\u00fcgung gestellt, ausgenommen ist jedoch das Vorliegen von berechtigten Interessen wegen Verdachtsfall und\/oder ausge\u00fcbter Cyberkriminalit\u00e4t. Die Nutzung meiner Webseiten wird sonst ohne Erfassung von personenbezogenen Daten der Seitenbesucher betrieben, ausgenommen ist jedoch das Vorliegen von berechtigten Interessen wegen Verdachtsfall und\/oder ausge\u00fcbter Cyberkriminalit\u00e4t.<br \/>\nFalls Sie ein Kunden-Konto haben und sich auf dieser Website anmelden, wird ein tempor\u00e4res Cookie gesetzt, um festzustellen, ob Ihr Browser Cookies akzeptiert. Dieses Cookie enth\u00e4lt keine personenbezogenen Daten und wird verworfen, wenn Sie Ihren Browser schlie\u00dfen.<br \/>\nWenn Sie sich anmelden, werden einige Cookies eingerichtet, um Ihre Anmeldeinformationen und Anzeigeoptionen zu speichern. Anmelde-Cookies verfallen nach zwei Tagen und Cookies f\u00fcr die Anzeigeoptionen nach einem Jahr. Falls Sie bei der Anmeldung \u201eAngemeldet bleiben\u201c ausw\u00e4hlen, wird deine Anmeldung zwei Wochen lang aufrechterhalten. Mit der Abmeldung aus Ihrem Konto werden die Anmelde-Cookies gel\u00f6scht.\n<\/p>\n<p class=\"style4\" style=\"text-align: center;\"><strong>ALTERNATIVE STREITBEILEGUNG GEM\u00c4SS ART. 14 ABS. 1 ODR-VO UND \u00a7 36 VSBG<\/strong><\/p>\n<p style=\"text-align: justify; color: #333333; font-size: 11.3pt;\">Die Europ\u00e4ische Kommission stellt eine Plattform zur Online-Streitbeilegung (OS) bereit, die unter <a href=\"https:\/\/ec.europa.eu\/info\/policies\/consumers_de\" rel=\"noopener\" target=\"_blank\">https:\/\/ec.europa.eu\/info\/policies\/consumers_de<\/a> erreibar ist. Zur Teilnahme an einem Streitbeilegungsverfahren vor einer Verbraucherschlichtungsstelle sind wir nicht verpflichtet und auch nicht bereit.\n<\/p>\n<p style=\"text-align: center; color: #333333; font-size: 11.3pt;\">Quellverweis: <a style=\"outline: none;\" href=\"http:\/\/www.e-recht24.de\/\" target=\"_blank\" rel=\"noopener noreferrer\">Impressum nach Disclaimer von eRecht24, von Rechtsanwalt S\u00f6ren Siebert<\/a>.<br \/>\n<a href=\"https:\/\/artis-diversis.eu\/S\/cookie-richtlinie-politique-cookie-cookie-policy-eu\" target=\"_blank\" rel=\"noopener\">COOKIE-RICHTLINIE | POLITIQUE-COOKIE | COOKIE-POLICY (EU)<\/a><br \/>\n\u00dcberarbeitet am 30. Jaunar, 2021<\/p>\n<hr style=\"border: none; border-top: 1px dotted #666666; background-color: #dddddd; height: 1px;\"\/>\n<div class=\"column-grid column-grid-4\"><div class=\"column column-span-1 column-push-0 column-first\"><\/p>\n<div align=\"center\"><a href=\"https:\/\/www.artis-diversis.de\/\" target=\"_blank\" rel=\"noopener noreferrer\"><img loading=\"lazy\" decoding=\"async\" src=\"https:\/\/www.artis-diversis.de\/wp-content\/uploads\/art_div_portal_light.png\" alt=\"\" width=\"220\" height=\"220\" class=\"alignnone size-full wp-image-89\" \/><\/a><\/div>\n<p>\n<\/div><br \/>\n<div class=\"column column-span-1 column-push-0\"><\/p>\n<div align=\"center\"><a href=\"https:\/\/www.artis-diversis.de\/\" target=\"_blank\" rel=\"noopener noreferrer\"><img loading=\"lazy\" decoding=\"async\" src=\"https:\/\/www.artis-diversis.de\/wp-content\/uploads\/artis_diversis_dark.png\" alt=\"\" width=\"220\" height=\"220\" class=\"alignnone size-full wp-image-18\" \/><\/a><\/div>\n<p>\n<\/div><br \/>\n<div class=\"column column-span-1 column-push-0\"><\/p>\n<div align=\"center\"><a href=\"https:\/\/www.artis-diversis.de\/\" target=\"_blank\" rel=\"noopener noreferrer\"><img loading=\"lazy\" decoding=\"async\" src=\"https:\/\/www.artis-diversis.de\/wp-content\/uploads\/art_div_portal_light.png\" alt=\"\" width=\"220\" height=\"220\" class=\"alignnone size-full wp-image-89\" \/><\/a><\/div>\n<p>\n<\/div><br \/>\n<div class=\"column column-span-1 column-push-0 column-last\"><\/p>\n<div align=\"center\"><a href=\"https:\/\/www.artis-diversis.de\/\" target=\"_blank\" rel=\"noopener noreferrer\"><img loading=\"lazy\" decoding=\"async\" src=\"https:\/\/www.artis-diversis.de\/wp-content\/uploads\/artis_diversis_dark.png\" alt=\"\" width=\"220\" height=\"220\" class=\"alignnone size-full wp-image-18\" \/><\/a><\/div>\n<p>\n<\/div><\/div><br \/>\n<script type=\"text\/javascript\" src=\"https:\/\/www.artis-diversis.eu\/stat\/pws.php?mode=js\"><\/script><script type=\"text\/javascript\" src=\"https:\/\/www.artis-diversis.eu\/stat\/plugins\/onclick\/pws_file.php\"><\/script><noscript><img decoding=\"async\" src=\"https:\/\/www.artis-diversis.eu\/stat\/pws.php?mode=img\" style=\"border:0; width:1px; height:1px\" alt=\"noscript-img\"><\/noscript><\/p>\n","protected":false},"excerpt":{"rendered":"<p>LEGAL NOTICE, DISCLAIMER &amp; TERMS OF USE, ACCORDING TO THE EU GENERAL DATA PROTECTION REGULATION (GDPR) | EU DATENSCHUTZ-GRUNDVERORDNUNG (DSGVO) AND GERMAN LAW \u00a7 5 TMG and \u00a7 55 Abs. 2 RStV, COMPLIANT WITH INTERNATIONAL TREATIES ABOUT COMMUNICATIONS AND TELECOMMUNICATION REGULATIONS WICHTIGER HINWEIS! &#8211; IMPORTANT NOTE! &#8211; AVIS IMPORTANT! Jeder festgestellte Missbrauch und\/oder versuchte Straftat &#8230; <a title=\"LEGALES U. IMPRESSUM | LEGAL &#038; IMPRINT\" class=\"read-more\" href=\"https:\/\/artis-diversis.eu\/S\/impressum\" aria-label=\"Mehr Informationen \u00fcber LEGALES U. IMPRESSUM | LEGAL &#038; IMPRINT\">Weiterlesen<\/a><\/p>\n","protected":false},"author":1,"featured_media":0,"parent":0,"menu_order":0,"comment_status":"closed","ping_status":"closed","template":"","meta":{"footnotes":""},"class_list":["post-10","page","type-page","status-publish"],"_links":{"self":[{"href":"https:\/\/artis-diversis.eu\/S\/wp-json\/wp\/v2\/pages\/10","targetHints":{"allow":["GET"]}}],"collection":[{"href":"https:\/\/artis-diversis.eu\/S\/wp-json\/wp\/v2\/pages"}],"about":[{"href":"https:\/\/artis-diversis.eu\/S\/wp-json\/wp\/v2\/types\/page"}],"author":[{"embeddable":true,"href":"https:\/\/artis-diversis.eu\/S\/wp-json\/wp\/v2\/users\/1"}],"replies":[{"embeddable":true,"href":"https:\/\/artis-diversis.eu\/S\/wp-json\/wp\/v2\/comments?post=10"}],"version-history":[{"count":33,"href":"https:\/\/artis-diversis.eu\/S\/wp-json\/wp\/v2\/pages\/10\/revisions"}],"predecessor-version":[{"id":335,"href":"https:\/\/artis-diversis.eu\/S\/wp-json\/wp\/v2\/pages\/10\/revisions\/335"}],"wp:attachment":[{"href":"https:\/\/artis-diversis.eu\/S\/wp-json\/wp\/v2\/media?parent=10"}],"curies":[{"name":"wp","href":"https:\/\/api.w.org\/{rel}","templated":true}]}}