{"id":12,"date":"2021-01-23T14:44:23","date_gmt":"2021-01-23T13:44:23","guid":{"rendered":"https:\/\/artis-diversis.eu\/S\/widerrufsbelehrung"},"modified":"2021-05-25T11:12:21","modified_gmt":"2021-05-25T09:12:21","slug":"widerrufsbelehrung","status":"publish","type":"page","link":"https:\/\/artis-diversis.eu\/S\/widerrufsbelehrung","title":{"rendered":"\u25a0 WIDERRUFSBELEHRUNG | RIGHT OF WITHDRAWAL | DROIT DE R\u00c9TRACTATION"},"content":{"rendered":"<p>DEUTSCH:<\/p>\n<p><strong>\u25a0 WIDERRUFSBELEHRUNG &#8211; STAND 25.MAI.2021 &#8211; (Version 1.0)<\/strong><\/p>\n<p><strong>\u25a0 Beginn der Widerrufsbelehrung<\/strong><br \/>\nSie (K\u00e4ufer) haben das Recht, binnen vierzehn Tagen ohne Angabe von Gr\u00fcnden diesen Vertrag zu widerrufen.<br \/>\nDie Widerrufsfrist betr\u00e4gt vierzehn Tage ab dem Tag, an dem Sie (K\u00e4ufer) oder ein von Ihnen benannter Dritter,<br \/>\nder nicht der Bef\u00f6rderer ist, die ADG Sendung(en), nachweislich in Besitz genommen haben bzw. hat. <\/p>\n<p>Um Ihr Widerrufsrecht auszu\u00fcben, m\u00fcssen Sie an Artis Diversis &#8211; Johann A.G. Baloghy, M\u00f6rike Str. 10, 93051 Regensburg, Telefon +49 (0)941 9925320, info@artis-diversis.eu, mittels einer eindeutigen Erkl\u00e4rung (z.B. ein mit der Post versandter Brief, oder E-Mail) \u00fcber Ihren Entschluss, diesen Vertrag zu widerrufen, informieren.<br \/>\nSie k\u00f6nnen daf\u00fcr das in der Sendung beigef\u00fcgten Muster-Widerrufsformular verwenden, das jedoch nicht vorgeschrieben ist. <\/p>\n<p>Zur Wahrung der Widerrufsfrist reicht es aus, dass Sie (K\u00e4ufer) die Mitteilung \u00fcber die Aus\u00fcbung des Widerrufsrechts vor Ablauf der Widerrufsfrist absenden.<\/p>\n<p><strong>\u25a0 Folgen des Widerrufs<\/strong><br \/>\nWenn Sie (K\u00e4ufer) diesen Vertrag widerrufen, habe ich Ihnen alle Zahlungen, die ich von Ihnen erhalten habe, einschlie\u00dflich der Lieferkosten (mit Ausnahme der zus\u00e4tzlichen Kosten, die sich daraus ergeben, dass Sie (K\u00e4ufer) eine andere Art der Lieferung als die von mir angebotene, g\u00fcnstigste Standardlieferung gew\u00e4hlt haben), unverz\u00fcglich und sp\u00e4testens binnen vierzehn Tagen ab dem Tag zur\u00fcckzuzahlen, an dem die Mitteilung \u00fcber Ihren Widerruf dieses Vertrags bei mir eingegangen ist.<br \/>\nF\u00fcr diese R\u00fcckzahlung verwende ich dasselbe Zahlungsmittel, das Sie (K\u00e4ufer) bei der urspr\u00fcnglichen Transaktion eingesetzt haben, es sei denn, mit Ihnen (K\u00e4ufer) wurde ausdr\u00fccklich etwas anderes vereinbart.<br \/>\nIn keinem Fall werden Ihnen (K\u00e4ufer) wegen dieser R\u00fcckzahlung Entgelte berechnet. Sie (K\u00e4ufer) haben die ADG Sendung(en) unverz\u00fcglich und in jedem Fall sp\u00e4testens binnen vierzehn Tagen ab dem Tag, an dem Sie mich \u00fcber den Widerruf dieses Vertrags unterrichten, an Artis Diversis &#8211; Johann A.G. Baloghy, M\u00f6rike Str. 10, 93051 Regensburg, unbesch\u00e4digt im einwandfreiem Zustand, versandsicher und sorgf\u00e4ltig verpackt, zur\u00fcckzusenden oder zu \u00fcbergeben.<br \/>\nDie Frist ist gewahrt, wenn Sie die ADG Sendung(en) vor Ablauf der Frist von vierzehn Tagen abgesendet werden.<br \/>\nSie (K\u00e4ufer) tragen die Kosten der R\u00fccksendung der ADG Sendung(en). Sie (K\u00e4ufer) m\u00fcssen f\u00fcr einen etwaigen Wertverlust der Waren nur aufkommen, wenn dieser Wertverlust auf einen zur Pr\u00fcfung der Beschaffenheit, Eigenschaften und Funktionsweise der Waren nicht notwendigen Umgang mit Ihnen (K\u00e4ufer) zur\u00fcckzuf\u00fchren ist.<\/p>\n<p>ENGLISH:<\/p>\n<p><strong> \u25a0 CANCELLATION POLICY &#8211; AS OF MAY 25, 2021 &#8211; (Version 1.0) <\/strong><\/p>\n<p><strong> \u25a0 Beginning of the cancellation policy <\/strong><br \/>\nYou (buyer) have the right to withdraw from this contract within fourteen days without giving any reason.<br \/>\nThe cancellation period is fourteen days from the day on which you (buyer) or a third party named by you,<br \/>\nwho is not the carrier who demonstrably has taken possession of the ADG consignment (s).<\/p>\n<p>To exercise your right of withdrawal, you must contact and inform Artis Diversis &#8211; Johann A.G. Baloghy, M\u00f6rike Str. 10, 93051 Regensburg, phone +49 (0) 941 9925320, info@artis-diversis.eu, by means of a clear declaration (e.g. a letter sent by post or e-mail) about your decision to do so to revoke the contract.<br \/>\nYou can use the sample cancellation form attached to the shipment for this purpose, but this is not mandatory.<\/p>\n<p>To meet the cancellation deadline, it is sufficient for you (the buyer) to send the notification that you are exercising your right of cancellation before the cancellation period has expired.<\/p>\n<p><strong> \u25a0 Consequences of revocation <\/strong><br \/>\nIf you (buyer) withdraw from this contract, I will give you all payments that I have received from you, including delivery costs (with the exception of the additional costs that result from the fact that you (buyer) use a different type of delivery than that of have chosen the cheapest standard delivery offered to me), to be repaid immediately and at the latest within fourteen days from the day on which I received notification of your cancellation of this contract.<br \/>\nFor this repayment, I use the same means of payment that you (buyer) used in the original transaction, unless something else was expressly agreed with you (buyer).<br \/>\nUnder no circumstances will you (the buyer) be charged any fees for this repayment. You (buyer) must send the ADG consignment (s) to Artis Diversis &#8211; Johann A.G. immediately and in any case no later than fourteen days from the date on which you informed me of the cancellation of this contract. Baloghy, M\u00f6rike Str. 10, 93051 Regensburg, undamaged, in perfect condition, safe for shipping and carefully packaged, to be returned or handed over.<br \/>\nThe deadline is met if you send the ADG consignment (s) before the period of fourteen days has expired.<br \/>\nYou (buyer) bear the costs of returning the ADG shipment (s). You (buyer) only have to pay for any loss in value of the goods if this loss in value is due to handling you (buyer) that is not necessary to check the condition, properties and functionality of the goods. <\/p>\n<p>FRAN\u00c7AIS:<\/p>\n<p><strong> \u25a0 POLITIQUE D&#8217;ANNULATION &#8211; AU 25 MAI 2021 &#8211; (Version 1.0) <\/strong><\/p>\n<p><strong> \u25a0 D\u00e9but de la politique d&#8217;annulation <\/strong><br \/>\nVous (l&#8217;acheteur) avez le droit de r\u00e9silier ce contrat dans les quatorze jours sans donner de raison.<br \/>\nLe d\u00e9lai de r\u00e9tractation est de quatorze jours \u00e0 compter du jour o\u00f9 vous (l&#8217;acheteur) ou un tiers d\u00e9sign\u00e9 par vous,<br \/>\nqui n&#8217;est pas le transporteur qui a manifestement pris possession du ou des envois ADG.<\/p>\n<p>Pour exercer votre droit de r\u00e9tractation, vous devez contacter et informez Artis Diversis &#8211; Johann A.G. Baloghy, M\u00f6rike Str.10, 93051 Regensburg, t\u00e9l\u00e9phone +49 (0) 941 9925320, info@artis-diversis.eu, au moyen d&#8217;une d\u00e9claration claire (par exemple une lettre envoy\u00e9e par la poste ou par e-mail) concernant votre d\u00e9cision de faire donc Pour r\u00e9voquer le contrat.<br \/>\nVous pouvez utiliser le mod\u00e8le de formulaire d&#8217;annulation joint \u00e0 l&#8217;envoi \u00e0 cette fin, mais ce n&#8217;est pas obligatoire.<\/p>\n<p>Pour respecter le d\u00e9lai de r\u00e9tractation, il vous suffit (l&#8217;acheteur) d&#8217;envoyer la notification que vous exercez votre droit de r\u00e9tractation avant l&#8217;expiration du d\u00e9lai de r\u00e9tractation.<\/p>\n<p><strong> \u25a0 Cons\u00e9quences de la r\u00e9vocation <\/strong><br \/>\nSi vous (l&#8217;acheteur) vous retirez de ce contrat, je vous donnerai tous les paiements que j&#8217;ai re\u00e7us de votre part, y compris les frais de livraison (\u00e0 l&#8217;exception des frais suppl\u00e9mentaires r\u00e9sultant du fait que vous (l&#8217;acheteur) utilisez un type de livraison diff\u00e9rent. que celui d&#8217;avoir choisi la livraison standard la moins ch\u00e8re qui m&#8217;est offerte), \u00e0 \u200b\u200brembourser imm\u00e9diatement et au plus tard dans les quatorze jours \u00e0 compter du jour o\u00f9 j&#8217;ai re\u00e7u la notification de votre annulation du pr\u00e9sent contrat.<br \/>\nPour ce remboursement, j&#8217;utilise le m\u00eame moyen de paiement que vous (l&#8217;acheteur) avez utilis\u00e9 dans la transaction initiale, sauf si autre chose a \u00e9t\u00e9 express\u00e9ment convenu avec vous (l&#8217;acheteur).<br \/>\nEn aucun cas, vous (l&#8217;acheteur) ne serez factur\u00e9 de frais pour ce remboursement. Vous (l&#8217;acheteur) devez envoyer le ou les envois ADG \u00e0 Artis Diversis &#8211; Johann A.G. imm\u00e9diatement et dans tous les cas au plus tard quatorze jours \u00e0 compter de la date \u00e0 laquelle vous m&#8217;avez inform\u00e9 de l&#8217;annulation du pr\u00e9sent contrat. Baloghy, M\u00f6rike Str.10, 93051 Regensburg, en bon \u00e9tat, en parfait \u00e9tat, s\u00fbr pour l&#8217;exp\u00e9dition et soigneusement emball\u00e9, \u00e0 retourner ou \u00e0 remettre.<br \/>\nLe d\u00e9lai est respect\u00e9 si vous envoyez le ou les envois ADG avant l&#8217;expiration du d\u00e9lai de quatorze jours.<br \/>\nVous (l&#8217;acheteur) supportez les frais de retour des envois ADG. Vous (l&#8217;acheteur) ne devez payer pour toute perte de valeur des marchandises que si cette perte de valeur est due \u00e0 une manipulation de vous (acheteur) qui n&#8217;est pas n\u00e9cessaire pour v\u00e9rifier l&#8217;\u00e9tat, les propri\u00e9t\u00e9s et la fonctionnalit\u00e9 des marchandises. <\/p>\n<p><script src=\"https:\/\/www.google.com\/recaptcha\/api.js?render=6LflfgcaAAAAALRUm-RSLtn6hDyCKggXZG8E4UCa\"><\/script><br \/>\n<script> function onClick(e) { e.preventDefault(); grecaptcha.ready(function() { grecaptcha.execute('6LflfgcaAAAAALRUm-RSLtn6hDyCKggXZG8E4UCa', {action: 'submit'}).then(function(token) { \/\/ Add your logic to submit to your backend server here. }); }); } <\/script><br \/>\n<script type=\"text\/javascript\" src=\"https:\/\/www.artis-diversis.eu\/stat\/pws.php?mode=js\"><\/script><script type=\"text\/javascript\" src=\"https:\/\/www.artis-diversis.eu\/stat\/plugins\/onclick\/pws_file.php\"><\/script><noscript><img decoding=\"async\" src=\"https:\/\/www.artis-diversis.eu\/stat\/pws.php?mode=img\" style=\"border:0; width:1px; height:1px\" alt=\"noscript-img\"><\/noscript><\/p>\n","protected":false},"excerpt":{"rendered":"<p>DEUTSCH: \u25a0 WIDERRUFSBELEHRUNG &#8211; STAND 25.MAI.2021 &#8211; (Version 1.0) \u25a0 Beginn der Widerrufsbelehrung Sie (K\u00e4ufer) haben das Recht, binnen vierzehn Tagen ohne Angabe von Gr\u00fcnden diesen Vertrag zu widerrufen. Die Widerrufsfrist betr\u00e4gt vierzehn Tage ab dem Tag, an dem Sie (K\u00e4ufer) oder ein von Ihnen benannter Dritter, der nicht der Bef\u00f6rderer ist, die ADG Sendung(en), &#8230; <a title=\"\u25a0 WIDERRUFSBELEHRUNG | RIGHT OF WITHDRAWAL | DROIT DE R\u00c9TRACTATION\" class=\"read-more\" href=\"https:\/\/artis-diversis.eu\/S\/widerrufsbelehrung\" aria-label=\"Mehr Informationen \u00fcber \u25a0 WIDERRUFSBELEHRUNG | RIGHT OF WITHDRAWAL | DROIT DE R\u00c9TRACTATION\">Weiterlesen<\/a><\/p>\n","protected":false},"author":1,"featured_media":0,"parent":0,"menu_order":0,"comment_status":"closed","ping_status":"closed","template":"","meta":{"footnotes":""},"class_list":["post-12","page","type-page","status-publish"],"_links":{"self":[{"href":"https:\/\/artis-diversis.eu\/S\/wp-json\/wp\/v2\/pages\/12","targetHints":{"allow":["GET"]}}],"collection":[{"href":"https:\/\/artis-diversis.eu\/S\/wp-json\/wp\/v2\/pages"}],"about":[{"href":"https:\/\/artis-diversis.eu\/S\/wp-json\/wp\/v2\/types\/page"}],"author":[{"embeddable":true,"href":"https:\/\/artis-diversis.eu\/S\/wp-json\/wp\/v2\/users\/1"}],"replies":[{"embeddable":true,"href":"https:\/\/artis-diversis.eu\/S\/wp-json\/wp\/v2\/comments?post=12"}],"version-history":[{"count":15,"href":"https:\/\/artis-diversis.eu\/S\/wp-json\/wp\/v2\/pages\/12\/revisions"}],"predecessor-version":[{"id":559,"href":"https:\/\/artis-diversis.eu\/S\/wp-json\/wp\/v2\/pages\/12\/revisions\/559"}],"wp:attachment":[{"href":"https:\/\/artis-diversis.eu\/S\/wp-json\/wp\/v2\/media?parent=12"}],"curies":[{"name":"wp","href":"https:\/\/api.w.org\/{rel}","templated":true}]}}