{"id":13,"date":"2021-01-23T14:44:23","date_gmt":"2021-01-23T13:44:23","guid":{"rendered":"https:\/\/artis-diversis.eu\/S\/versandarten"},"modified":"2021-05-26T00:02:01","modified_gmt":"2021-05-25T22:02:01","slug":"versandarten","status":"publish","type":"page","link":"https:\/\/artis-diversis.eu\/S\/versandarten","title":{"rendered":"\u25a0 VERSANDARTEN | SHIPPING METHODS | M\u00c9THODES DE LIVRAISON"},"content":{"rendered":"<p><strong>\u25a0 VERSAND MIT DHL | SHIPPING WITH DHL | EXP\u00c9DITION AVEC DHL<\/strong><\/p>\n<p><img loading=\"lazy\" decoding=\"async\" src=\"https:\/\/artis-diversis.eu\/S\/wp-content\/uploads\/2021\/04\/dhl.png\" alt=\"\" width=\"180\" height=\"55\" class=\"alignnone size-full wp-image-591\" \/><\/p>\n<p>DEUTSCH:<\/p>\n<p><strong>\u25a0 VERSAND ZIELE<\/strong><br \/>\nZur Zeit biete ich an und versende meine Kunstwerke in Deutschland, und in die EU &#8211; Europ\u00e4ische Union. In K\u00fcrze werden auch in anderen L\u00e4ndern der Verkauf und Versand m\u00f6glich sein. Der Versand wird ca. 1-4 Werktage nach Bestelleingang gestartet. <\/p>\n<p><strong>\u25a0 VERSANDKOSTEN<\/strong><br \/>\nals pauschale Versandkosten, inkl. Verpackung, Portogeb\u00fchren und inkl. 7% MwSt.<br \/>\nDiese sind vom Besteller\/K\u00e4ufer zu tragen und sind dem Kunstwerk-Kaufpreis automatisch dazu gerechnet.<br \/>\nDER VERSAND ERFOLGT MIT DHL &#8211; STANDARDVERSAND<br \/>\nmit inkl. Sendungsverfolgung, inkl. Versicherung bis 500 EURO.<br \/>\nEvtl. erh\u00f6hte Versicherungsbedarf wird gesondert ausgewiesen.<br \/>\nDie evtl. Zoll-Geb\u00fchren sind vom Besteller\/K\u00e4ufer zu tragen.<\/p>\n<p>ENGLISH:<\/p>\n<p><strong>\u25a0 SHIPPING DESTINATIONS <\/strong><br \/>\nI am currently offering and shipping my works of art in Germany and in the EU &#8211; European Union.<br \/>\nIn the near future, sales and shipping will also be possible in other countries. Shipping starts approx. 1-4 working days after receipt of the order.<\/p>\n<p><strong>\u25a0 SHIPPING COSTS<\/strong><br \/>\nas flat-rate shipping costs, including packaging, postage and incl. 7% VAT.<br \/>\nThese are to be borne by the customer \/ buyer and and are automatically added to the purchase price of the work of art.<br \/>\nSHIPPING IS DONE WITH DHL &#8211; STANDARD SHIPPING<br \/>\nwith including shipment tracking, including insurance up to 500 EURO.<br \/>\nEventual increased insurance requirements are shown separately.<br \/>\nAny customs fees are to be borne by the customer \/ buyer.<\/p>\n<p>FRAN\u00c7AIS:<\/p>\n<p><strong>\u25a0 DESTINATIONS D&#8217;EXP\u00c9DITION <\/strong><br \/>\nJ&#8217;offre et exp\u00e9die actuellement mes \u0153uvres d&#8217;art en Allemagne et dans l&#8217;UE &#8211; Union europ\u00e9enne.<br \/>\nDans un proche avenir, la vente et l&#8217;exp\u00e9dition seront \u00e9galement possibles dans d&#8217;autres pays. L&#8217;exp\u00e9dition commence environ 1-4 jours ouvrables apr\u00e8s r\u00e9ception de la commande.<\/p>\n<p><strong>\u25a0 LES FRAIS D&#8217;EXP\u00c9DITION<\/strong><br \/>\ncomme frais d&#8217;exp\u00e9dition forfaitaires, y compris l&#8217;emballage, les frais de port et TVA 7% incluse.<br \/>\nCeux-ci sont \u00e0 la charge du client \/ acheteur et sont automatiquement ajout\u00e9s au prix d&#8217;achat de l&#8217;\u0153uvre d&#8217;art.<br \/>\nL&#8217;EXP\u00c9DITION EST FAITE AVEC DHL &#8211; EXP\u00c9DITION STANDARD<br \/>\navec suivi des envois inclus, assurance incluse jusqu&#8217;\u00e0 500 EURO.<br \/>\n\u00c9ventuel exigence d&#8217;assurance accrue sera indiqu\u00e9e s\u00e9par\u00e9ment.<br \/>\nTous les frais de douane sont \u00e0 la charge du client \/ acheteur.<\/p>\n<p><script src=\"https:\/\/www.google.com\/recaptcha\/api.js?render=6LflfgcaAAAAALRUm-RSLtn6hDyCKggXZG8E4UCa\"><\/script><br \/>\n<script> function onClick(e) { e.preventDefault(); grecaptcha.ready(function() { grecaptcha.execute('6LflfgcaAAAAALRUm-RSLtn6hDyCKggXZG8E4UCa', {action: 'submit'}).then(function(token) { \/\/ Add your logic to submit to your backend server here. }); }); } <\/script><br \/>\n<script type=\"text\/javascript\" src=\"https:\/\/www.artis-diversis.eu\/stat\/pws.php?mode=js\"><\/script><script type=\"text\/javascript\" src=\"https:\/\/www.artis-diversis.eu\/stat\/plugins\/onclick\/pws_file.php\"><\/script><noscript><img decoding=\"async\" src=\"https:\/\/www.artis-diversis.eu\/stat\/pws.php?mode=img\" style=\"border:0; width:1px; height:1px\" alt=\"noscript-img\"><\/noscript><\/p>\n","protected":false},"excerpt":{"rendered":"<p>\u25a0 VERSAND MIT DHL | SHIPPING WITH DHL | EXP\u00c9DITION AVEC DHL DEUTSCH: \u25a0 VERSAND ZIELE Zur Zeit biete ich an und versende meine Kunstwerke in Deutschland, und in die EU &#8211; Europ\u00e4ische Union. In K\u00fcrze werden auch in anderen L\u00e4ndern der Verkauf und Versand m\u00f6glich sein. Der Versand wird ca. 1-4 Werktage nach Bestelleingang &#8230; <a title=\"\u25a0 VERSANDARTEN | SHIPPING METHODS | M\u00c9THODES DE LIVRAISON\" class=\"read-more\" href=\"https:\/\/artis-diversis.eu\/S\/versandarten\" aria-label=\"Mehr Informationen \u00fcber \u25a0 VERSANDARTEN | SHIPPING METHODS | M\u00c9THODES DE LIVRAISON\">Weiterlesen<\/a><\/p>\n","protected":false},"author":1,"featured_media":0,"parent":0,"menu_order":0,"comment_status":"closed","ping_status":"closed","template":"","meta":{"footnotes":""},"class_list":["post-13","page","type-page","status-publish"],"_links":{"self":[{"href":"https:\/\/artis-diversis.eu\/S\/wp-json\/wp\/v2\/pages\/13","targetHints":{"allow":["GET"]}}],"collection":[{"href":"https:\/\/artis-diversis.eu\/S\/wp-json\/wp\/v2\/pages"}],"about":[{"href":"https:\/\/artis-diversis.eu\/S\/wp-json\/wp\/v2\/types\/page"}],"author":[{"embeddable":true,"href":"https:\/\/artis-diversis.eu\/S\/wp-json\/wp\/v2\/users\/1"}],"replies":[{"embeddable":true,"href":"https:\/\/artis-diversis.eu\/S\/wp-json\/wp\/v2\/comments?post=13"}],"version-history":[{"count":21,"href":"https:\/\/artis-diversis.eu\/S\/wp-json\/wp\/v2\/pages\/13\/revisions"}],"predecessor-version":[{"id":823,"href":"https:\/\/artis-diversis.eu\/S\/wp-json\/wp\/v2\/pages\/13\/revisions\/823"}],"wp:attachment":[{"href":"https:\/\/artis-diversis.eu\/S\/wp-json\/wp\/v2\/media?parent=13"}],"curies":[{"name":"wp","href":"https:\/\/api.w.org\/{rel}","templated":true}]}}