{"id":2,"date":"2021-01-23T00:24:30","date_gmt":"2021-01-22T23:24:30","guid":{"rendered":"https:\/\/artis-diversis.eu\/S\/?page_id=2"},"modified":"2025-01-30T07:52:17","modified_gmt":"2025-01-30T06:52:17","slug":"beispiel-seite","status":"publish","type":"page","link":"https:\/\/artis-diversis.eu\/S\/","title":{"rendered":"INTRO | HOME"},"content":{"rendered":"<p><strong><div id=\"mtphr-dnt-171\" class=\"mtphr-dnt mtphr-dnt-171 mtphr-dnt-default mtphr-dnt-scroll mtphr-dnt-scroll-left\"><div class=\"mtphr-dnt-wrapper mtphr-dnt-clearfix\"><div class=\"mtphr-dnt-tick-container\"><div class=\"mtphr-dnt-tick-contents\"><div class=\"mtphr-dnt-tick mtphr-dnt-default-tick mtphr-dnt-clearfix \">+++ GE\u00d6FFNET | OPENED | OUVERT: ARTWORKS DIGITAL GALLERY &#8211; ONLINE-SHOP +++ GE\u00d6FFNET | OPENED | OUVERT: ARTWORKS DIGITAL GALLERY &#8211; ONLINE-SHOP +++ GE\u00d6FFNET | OPENED | OUVERT: ARTWORKS DIGITAL GALLERY &#8211; ONLINE-SHOP +++<\/div><\/div><\/div><\/div><\/div><\/strong><img loading=\"lazy\" decoding=\"async\" src=\"https:\/\/artis-diversis.eu\/S\/wp-content\/uploads\/2021\/05\/ARTWORKS-INTRO-1.jpg\" alt=\"\" width=\"1890\" height=\"600\" class=\"alignnone size-full wp-image-720\" srcset=\"https:\/\/artis-diversis.eu\/S\/wp-content\/uploads\/2021\/05\/ARTWORKS-INTRO-1.jpg 1890w, https:\/\/artis-diversis.eu\/S\/wp-content\/uploads\/2021\/05\/ARTWORKS-INTRO-1-600x190.jpg 600w, https:\/\/artis-diversis.eu\/S\/wp-content\/uploads\/2021\/05\/ARTWORKS-INTRO-1-300x95.jpg 300w, https:\/\/artis-diversis.eu\/S\/wp-content\/uploads\/2021\/05\/ARTWORKS-INTRO-1-1024x325.jpg 1024w, https:\/\/artis-diversis.eu\/S\/wp-content\/uploads\/2021\/05\/ARTWORKS-INTRO-1-150x48.jpg 150w, https:\/\/artis-diversis.eu\/S\/wp-content\/uploads\/2021\/05\/ARTWORKS-INTRO-1-768x244.jpg 768w, https:\/\/artis-diversis.eu\/S\/wp-content\/uploads\/2021\/05\/ARTWORKS-INTRO-1-1536x488.jpg 1536w\" sizes=\"auto, (max-width: 1890px) 100vw, 1890px\" \/><!-- img src=\"https:\/\/artis-diversis.eu\/S\/wp-content\/uploads\/2021\/02\/ARTWORKS-INTRO.jpg\" alt=\"\" width=\"1890\" height=\"600\" class=\"alignnone size-full wp-image-435\" \/ --><\/p>\n<hr style=\"border: none; border-top: 1px dotted #666666; background-color: #dddddd; height: 1px;\" \/>\n<H2>HERZLICH WILLKOMMEN | WELCOME | BIENVENUE<br \/>\nVorwort | Foreword | P\u00e9face<\/H2><br \/>\n<strong> <\/strong><\/p>\n<div align=\"center\">\n<hr style=\"border: none; border-top: 1px dotted #666666; background-color: #dddddd; height: 1px;\" \/>\n<p>\ud83c\udf1f\ud83c\udf1f\ud83c\udf1f\ud83c\udf1f HAPPY NEW YEAR 2025 \ud83c\udf1f\ud83c\udf1f\ud83c\udf1f\ud83c\udf1f<br \/>\n<span style=\"font-size: 10pt;\"><i>Smart reports &amp; photographics, von\/by Johann A.G. Baloghy<\/i><\/span><\/p>\n<div align=\"center\"><img loading=\"lazy\" decoding=\"async\" src=\"https:\/\/artis-diversis.eu\/S\/wp-content\/uploads\/2025\/01\/MERRY-CHRISTMAS-AND-HAPPY-NEW-YEAR-2024-2025.jpg\" alt=\"\" width=\"1950\" height=\"1420\" class=\"alignnone size-full wp-image-965\" srcset=\"https:\/\/artis-diversis.eu\/S\/wp-content\/uploads\/2025\/01\/MERRY-CHRISTMAS-AND-HAPPY-NEW-YEAR-2024-2025.jpg 1950w, https:\/\/artis-diversis.eu\/S\/wp-content\/uploads\/2025\/01\/MERRY-CHRISTMAS-AND-HAPPY-NEW-YEAR-2024-2025-300x218.jpg 300w, https:\/\/artis-diversis.eu\/S\/wp-content\/uploads\/2025\/01\/MERRY-CHRISTMAS-AND-HAPPY-NEW-YEAR-2024-2025-1024x746.jpg 1024w, https:\/\/artis-diversis.eu\/S\/wp-content\/uploads\/2025\/01\/MERRY-CHRISTMAS-AND-HAPPY-NEW-YEAR-2024-2025-150x109.jpg 150w, https:\/\/artis-diversis.eu\/S\/wp-content\/uploads\/2025\/01\/MERRY-CHRISTMAS-AND-HAPPY-NEW-YEAR-2024-2025-768x559.jpg 768w, https:\/\/artis-diversis.eu\/S\/wp-content\/uploads\/2025\/01\/MERRY-CHRISTMAS-AND-HAPPY-NEW-YEAR-2024-2025-1536x1119.jpg 1536w, https:\/\/artis-diversis.eu\/S\/wp-content\/uploads\/2025\/01\/MERRY-CHRISTMAS-AND-HAPPY-NEW-YEAR-2024-2025-600x437.jpg 600w\" sizes=\"auto, (max-width: 1950px) 100vw, 1950px\" \/><br \/>\n<span style=\"color: #333333; font-size: 11px;\">Credits: Artis Diversis &#8211; J.A.G. Baloghy &#8211; All rights reserved<\/span><\/div>\n<hr style=\"border: none; border-top: 1px dotted #666666; background-color: #dddddd; height: 1px;\" \/>\n<p>\ud83c\udf1f\ud83c\udf1f\ud83c\udf1f\ud83c\udf1f HAPPY NEW YEAR 2024 \ud83c\udf1f\ud83c\udf1f\ud83c\udf1f\ud83c\udf1f<br \/>\n<span style=\"font-size: 10pt;\"><i>Smart reports &amp; photographics, von\/by Johann A.G. Baloghy<br \/>\n<strong>Please set the YouTube Quality to HD 1440p HD!<\/i><\/span><\/strong><\/p>\n<div align=\"center\"><figure class=\"wp-block-embed wp-block-embed-youtube is-type-video is-provider-youtube epyt-figure\"><div class=\"wp-block-embed__wrapper\"><iframe loading=\"lazy\"  id=\"_ytid_48178\"  width=\"1200\" height=\"675\"  data-origwidth=\"1200\" data-origheight=\"675\" src=\"https:\/\/www.youtube.com\/embed\/afGYpinSaFo?enablejsapi=1&autoplay=0&cc_load_policy=0&cc_lang_pref=&iv_load_policy=1&loop=0&rel=1&fs=1&playsinline=0&autohide=2&theme=dark&color=red&controls=1&disablekb=0&\" class=\"__youtube_prefs__  no-lazyload\" title=\"YouTube player\"  allow=\"fullscreen; accelerometer; autoplay; clipboard-write; encrypted-media; gyroscope; picture-in-picture; web-share\" referrerpolicy=\"strict-origin-when-cross-origin\" allowfullscreen data-no-lazy=\"1\" data-skipgform_ajax_framebjll=\"\"><\/iframe><\/div><\/figure><span style=\"color: #333333; font-size: 11px;\">Credits: Artis Diversis &#8211; J.A.G. Baloghy &#8211; All rights reserved<\/span><\/div>\n<hr style=\"border: none; border-top: 1px dotted #666666; background-color: #dddddd; height: 1px;\" \/>\n<div align=\"left\">\n<p style=\"text-align: justify; color: #333333; font-size: 11.3pt;\"><i><br \/>\nDEUTSCH:<\/p>\n<p>\u201eKunst ist ein Mittel von Menschen erfunden, um miteinander zu kommunizieren: Also sie muss ein gemeinsames Element haben, ein grenz\u00fcberschreitendes universelles Mittel, integriert in die gro\u00dfe Kultur der Menschheit\u201c \u2013 Andr\u00e9 Lhote (1885-1962).<br \/>\nEs gibt zahlreiche Schwerpunkte, die mich bewegen, davon insbesondere die multidimensionale Kompositionstheorie, die interdisziplin\u00e4re Integration von diversen k\u00fcnstlerischen Disziplinen in der Symbiose und nicht zuletzt der Versuch der analytischen Reduktion analog der Neuen Gestaltung\/Neoplastizismus (1920), von Piet Mondrian (1872-1944). All diese jedoch mit anderen\/neuen Konzepte und Methoden, um die Ausdrucksformen der Kunst f\u00fcr das Wesentliche weiterhin zu erforschen bzw. diese weiterzuentwickeln!<br \/>\nZur Pr\u00e4sentation und Verkauf von eigenen Kunstwerken aus diesen Studien wurde das ARTWORKS DIGITAL GALLERY ins Leben gerufen.<br \/>\nDiverse ausgew\u00e4hlte Beispiele aus meinem Portfolio der Kategorien FEINE K\u00dcNSTE, GEM\u00c4LDE, GRAFIKEN, FOTO K\u00dcNSTE, FOTO DESIGN, MEDIEN K\u00dcNSTE, als konventionelle Kunst, Digitalkunst und\/oder Mischtechnik Kunst, werden als Originale und\/oder Kunstdrucke zum Verkauf, mit Original-Signatur, limitiert und mit Datenbl\u00e4ttern\/Fact-Sheets, angeboten.<br \/>\n<strong>Zur Zeit wird der Verkauf ausschlie\u00dflich f\u00fcr Deutschland und f\u00fcr die EU &#8211; Europ\u00e4ische Union vorgesehen.<\/strong> In K\u00fcrze werden auch in anderen L\u00e4ndern der Verkauf und Versand m\u00f6glich sein.<br \/>\nAlle Kunstwerke sind nach Autoren-Urheberrechte gesch\u00fctzt. Diese werden f\u00fcr Forschung, private Lehre und Zwecke verkauft. \u00c4nderungen der verkauften Kunstwerke sind nicht gestattet.<br \/>\nEine auszugsweise Wiederver\u00f6ffentlichung der Kunstwerke wird nur nach einer schriftlichen Genehmigung mit Autoren- bzw. Quellenangaben versehen, gestattet.<\/p>\n<p>ENGLISH:  <\/p>\n<p>&#8222;Art is a means invented by people to communicate with one another: So it must have a common element, a universal, cross-border means, integrated into the great culture of humanity&#8220; &#8211; Andr\u00e9 Lhote (1885-1962).<br \/>\nThere are numerous focal points that move me, including in particular the multidimensional composition theory, the interdisciplinary integration of various artistic disciplines in the symbiosis and, last but not least, the attempt at analytical reduction analogous to New Design\/Neoplasticism (1920) by Piet Mondrian (1872-1944 ). All of these, however, with different\/new concepts and methods in order to continue to research the forms of expression of art for the essentials or to further develop them!<br \/>\nThe ARTWORKS DIGITAL GALLERY was set up to present and sell my own works of art from these studies.<br \/>\nVarious selected examples from my portfolio of the categories FINE ARTS, PAINTINGS, GRAPHICS, PHOTO ARTS, PHOTO DESIGN, MEDIA ARTS, as conventional art, digital art and\/or mixed media art, are offered as originals and\/or Art prints for sale, with original, limited and with a data\/fact sheets.<br \/>\n<strong>At the moment is the sale only intended for Germany and the EU &#8211; European Union.<\/strong> In the near future, sales and shipping will also be possible in other countries.<br \/>\nAll works of art are protected by author&#8217;s copyrights. These are sold for research, teaching and private purposes. Changes to the sold works of art are not permitted.<br \/>\nThe republication of works of art is only permitted after a written approval with author credentials. <\/p>\n<p>FRAN\u00c7AIS:<\/p>\n<p>\u00abL&#8217;art est un moyen invent\u00e9 par les hommes pour communiquer entre eux: il doit donc avoir un \u00e9l\u00e9ment commun, un moyen universel, transfrontalier, int\u00e9gr\u00e9 dans la grande culture de l&#8217;humanit\u00e9\u00bb &#8211; Andr\u00e9 Lhote (1885-1962).<br \/>\nIl y a de nombreux points focaux qui m&#8217;\u00e9meuvent, dont notamment la th\u00e9orie de la composition multidimensionnelle, l&#8217;int\u00e9gration interdisciplinaire de diverses disciplines artistiques dans la symbiose et, last but not least, la tentative de r\u00e9duction analytique analogue \u00e0 New Design\/Neoplasticism (1920) de Piet Mondrian (1872-1944). Tout cela, cependant, avec des concepts et des m\u00e9thodes diff\u00e9rents\/nouveaux afin de continuer \u00e0 rechercher les formes d&#8217;expression de l&#8217;art pour l&#8217;essentiel ou de les d\u00e9velopper davantage!<br \/>\nLa GALERIE NUM\u00c9RIQUE D&#8217;ARTWORKS a \u00e9t\u00e9 cr\u00e9\u00e9e pour pr\u00e9senter et vendre mes propres \u0153uvres d&#8217;art issues de ces \u00e9tudes.<br \/>\nDivers exemples s\u00e9lectionn\u00e9s de mon portfolio des cat\u00e9gories BEAUX-ARTS, PEINTURES, GRAPHIQUES, ARTS PHOTO, DESIGN PHOTO, ARTS M\u00c9DIAS, en tant qu&#8217;art conventionnel, l&#8217;art num\u00e9rique et\/ou l&#8217;art des techniques mixtes, sont propos\u00e9s sous forme d&#8217;originaux et\/ou de tirages num\u00e9riques \u00e0 la vente, avec signature, limit\u00e9s et accompagn\u00e9s de fiches techniques d&#8217;information.<br \/>\n<strong>Au moment de la vente est uniquement destin\u00e9e \u00e0 l&#8217;Allemagne et \u00e0 l&#8217;UE &#8211; Union europ\u00e9enne.<\/strong> Dans un proche avenir, la vente et l&#8217;exp\u00e9dition seront \u00e9galement possibles dans d&#8217;autres pays.<br \/>\nToutes les \u0153uvres d&#8217;art sont prot\u00e9g\u00e9es selon les droits d&#8217;auteur de l&#8217;auteur. Ceux-ci sont vendus \u00e0 des fins de recherche, d&#8217;enseignement et \u00e0 des fins priv\u00e9es. Les modifications des \u0153uvres d&#8217;art vendues ne sont pas autoris\u00e9es.<br \/>\nLa republication des \u0153uvres d&#8217;art n&#8217;est autoris\u00e9e qu&#8217;apr\u00e8s une approbation \u00e9crite avec les r\u00e9f\u00e9rences de l&#8217;auteur.<br \/>\n<\/i><\/p>\n<\/div>\n<p style=\"text-align: justify; color: #333333; font-size: 11.3pt;\">\n<img loading=\"lazy\" decoding=\"async\" class=\"alignnone size-full wp-image-192\" src=\"https:\/\/www.artis-diversis.eu\/wp-content\/uploads\/JAGB-R.png\" alt=\"\" width=\"168\" height=\"168\" \/><br \/>\n&nbsp;&nbsp;<br \/>\n<span style=\"text-align: justify; color: #333333; font-size: 11.0pt;\"><strong>JOHANN A.G. BALOGHY<\/strong><\/span><br \/>\n<span style=\"text-align: justify; color: #333333; font-size: 10.0pt;\">Freiberufler K\u00fcnstler | Freelance artist | Artiste ind\u00e9pendant<\/span><br \/>\n&nbsp;&nbsp;<br \/>\n<span style=\"text-align: justify; color: #333333; font-size: 10.0pt;\">ER\u00d6FFNUNG | INAUGURATION | OUVERTURE<\/span><br \/>\n<span style=\"text-align: justify; color: #333333; font-size: 10.0pt;\">25. Mai 2021 | May 25, 2021 | 25 Mai 2021<\/span><br \/>\n&nbsp;&nbsp;\n<\/p>\n<hr style=\"border: none; border-top: 1px dotted #666666; background-color: #dddddd; height: 1px;\" \/>\n<div class=\"column-grid column-grid-4\"><div class=\"column column-span-1 column-push-0 column-first\"><\/p>\n<div align=\"center\"><a href=\"https:\/\/www.artis-diversis.de\/\" target=\"_blank\" rel=\"noopener noreferrer\"><img loading=\"lazy\" decoding=\"async\" class=\"alignnone size-full wp-image-89\" src=\"https:\/\/www.artis-diversis.de\/wp-content\/uploads\/art_div_portal_light.png\" alt=\"\" width=\"220\" height=\"220\" \/><\/a><\/div>\n<p>\n<\/div><br \/>\n<div class=\"column column-span-1 column-push-0\"><\/p>\n<div align=\"center\"><a href=\"https:\/\/www.artis-diversis.de\/\" target=\"_blank\" rel=\"noopener noreferrer\"><img loading=\"lazy\" decoding=\"async\" class=\"alignnone size-full wp-image-18\" src=\"https:\/\/www.artis-diversis.de\/wp-content\/uploads\/artis_diversis_dark.png\" alt=\"\" width=\"220\" height=\"220\" \/><\/a><\/div>\n<p>\n<\/div><br \/>\n<div class=\"column column-span-1 column-push-0\"><\/p>\n<div align=\"center\"><a href=\"https:\/\/www.artis-diversis.de\/\" target=\"_blank\" rel=\"noopener noreferrer\"><img loading=\"lazy\" decoding=\"async\" class=\"alignnone size-full wp-image-89\" src=\"https:\/\/www.artis-diversis.de\/wp-content\/uploads\/art_div_portal_light.png\" alt=\"\" width=\"220\" height=\"220\" \/><\/a><\/div>\n<p>\n<\/div><br \/>\n<div class=\"column column-span-1 column-push-0 column-last\"><\/p>\n<div align=\"center\"><a href=\"https:\/\/www.artis-diversis.de\/\" target=\"_blank\" rel=\"noopener noreferrer\"><img loading=\"lazy\" decoding=\"async\" class=\"alignnone size-full wp-image-18\" src=\"https:\/\/www.artis-diversis.de\/wp-content\/uploads\/artis_diversis_dark.png\" alt=\"\" width=\"220\" height=\"220\" \/><\/a><\/div>\n<p>\n<\/div><\/div><br \/>\n<script type=\"text\/javascript\" src=\"https:\/\/www.artis-diversis.eu\/stat\/pws.php?mode=js\"><\/script><script type=\"text\/javascript\" src=\"https:\/\/www.artis-diversis.eu\/stat\/plugins\/onclick\/pws_file.php\"><\/script><noscript><img decoding=\"async\" src=\"https:\/\/www.artis-diversis.eu\/stat\/pws.php?mode=img\" style=\"border:0; width:1px; height:1px\" alt=\"noscript-img\"><\/noscript><\/p>\n","protected":false},"excerpt":{"rendered":"<p>HERZLICH WILLKOMMEN | WELCOME | BIENVENUE Vorwort | Foreword | P\u00e9face \ud83c\udf1f\ud83c\udf1f\ud83c\udf1f\ud83c\udf1f HAPPY NEW YEAR 2025 \ud83c\udf1f\ud83c\udf1f\ud83c\udf1f\ud83c\udf1f Smart reports &amp; photographics, von\/by Johann A.G. Baloghy Credits: Artis Diversis &#8211; J.A.G. Baloghy &#8211; All rights reserved \ud83c\udf1f\ud83c\udf1f\ud83c\udf1f\ud83c\udf1f HAPPY NEW YEAR 2024 \ud83c\udf1f\ud83c\udf1f\ud83c\udf1f\ud83c\udf1f Smart reports &amp; photographics, von\/by Johann A.G. Baloghy Please set the YouTube Quality to &#8230; <a title=\"INTRO | HOME\" class=\"read-more\" href=\"https:\/\/artis-diversis.eu\/S\/\" aria-label=\"Mehr Informationen \u00fcber INTRO | HOME\">Weiterlesen<\/a><\/p>\n","protected":false},"author":1,"featured_media":0,"parent":0,"menu_order":0,"comment_status":"closed","ping_status":"closed","template":"","meta":{"footnotes":""},"class_list":["post-2","page","type-page","status-publish"],"_links":{"self":[{"href":"https:\/\/artis-diversis.eu\/S\/wp-json\/wp\/v2\/pages\/2","targetHints":{"allow":["GET"]}}],"collection":[{"href":"https:\/\/artis-diversis.eu\/S\/wp-json\/wp\/v2\/pages"}],"about":[{"href":"https:\/\/artis-diversis.eu\/S\/wp-json\/wp\/v2\/types\/page"}],"author":[{"embeddable":true,"href":"https:\/\/artis-diversis.eu\/S\/wp-json\/wp\/v2\/users\/1"}],"replies":[{"embeddable":true,"href":"https:\/\/artis-diversis.eu\/S\/wp-json\/wp\/v2\/comments?post=2"}],"version-history":[{"count":115,"href":"https:\/\/artis-diversis.eu\/S\/wp-json\/wp\/v2\/pages\/2\/revisions"}],"predecessor-version":[{"id":968,"href":"https:\/\/artis-diversis.eu\/S\/wp-json\/wp\/v2\/pages\/2\/revisions\/968"}],"wp:attachment":[{"href":"https:\/\/artis-diversis.eu\/S\/wp-json\/wp\/v2\/media?parent=2"}],"curies":[{"name":"wp","href":"https:\/\/api.w.org\/{rel}","templated":true}]}}