{"id":3,"date":"2021-01-23T00:24:30","date_gmt":"2021-01-22T23:24:30","guid":{"rendered":"https:\/\/artis-diversis.eu\/S\/?page_id=3"},"modified":"2021-05-25T09:28:57","modified_gmt":"2021-05-25T07:28:57","slug":"datenschutzerklaerung","status":"publish","type":"page","link":"https:\/\/artis-diversis.eu\/S\/datenschutzerklaerung","title":{"rendered":"\u25a0 DATENSCHUTZ | PRIVACY | POLITIQUE DE CONFIDENTIALIT\u00c9"},"content":{"rendered":"<p>DEUTSCH:<\/p>\n<p><strong>\u25a0 DATENSCHUTZ-GRUNDVERORDNUNG (DSGVO)<\/strong><br \/>\nDie Artis-Diversis-Webseiten erheben keine Daten seiner Besucher. Die Kundendaten, die freiwillig registriert wurden, sind gesch\u00fctzt und werden Dritter nicht zur Verf\u00fcgung gestellt, ausgenommen ist jedoch das Vorliegen von berechtigten Interessen wegen Verdachtsfall und\/oder ausge\u00fcbter Cyberkriminalit\u00e4t. Die Nutzung meiner Webseiten wird sonst ohne Erfassung von personenbezogenen Daten der Seitenbesucher betrieben, ausgenommen ist jedoch das Vorliegen von berechtigten Interessen wegen Verdachtsfall und\/oder ausge\u00fcbter Cyberkriminalit\u00e4t.<br \/>\nMit meinem Hostingprovider wurde vor dem 25.05.2018 die VEREINBARUNG ZUR AUFTRAGSVERARBEITUNG nach Art. 28 Abs. 3 Datenschutz-Grundverordnung (DSGVO) vertraglich abgeschlossen. Diese kann auf Verlangen jederzeit zur Einsicht f\u00fcr zugelassene und zust\u00e4ndige Datenschutzbeauftragte vorgelegt werden.<\/p>\n<p><strong>\u25a0 COOKIES<\/strong><br \/>\nFalls Sie ein Kunden-Konto haben und sich auf dieser Website anmelden, wird ein tempor\u00e4res Cookie gesetzt, um festzustellen, ob Ihr Browser Cookies akzeptiert. Dieses Cookie enth\u00e4lt keine personenbezogenen Daten und wird verworfen, wenn Sie Ihren Browser schlie\u00dfen.<br \/>\nWenn Sie sich anmelden, werden einige Cookies eingerichtet, um Ihre Anmeldeinformationen und Anzeigeoptionen zu speichern. Anmelde-Cookies verfallen nach zwei Tagen und Cookies f\u00fcr die Anzeigeoptionen nach einem Jahr. Falls Sie bei der Anmeldung \u201eAngemeldet bleiben\u201c ausw\u00e4hlen, wird Ihre Anmeldung zwei Wochen lang aufrechterhalten. Mit der Abmeldung aus Ihrem Konto werden die Anmelde-Cookies gel\u00f6scht.<\/p>\n<p>ENGLISH:<\/p>\n<p><strong>\u25a0 BASIC DATA PROTECTION REGULATION (GDPR)<\/strong><br \/>\nThe Artis Diversis websites do not collect any data from its visitors. Customer data that has been voluntarily registered is protected and will not be made available to third parties, with the exception of legitimate interests due to suspected cases and\/or cybercrime. The use of my website is otherwise operated without the collection of personal data of the site visitors, with the exception of the existence of legitimate interests due to suspected cases and\/or cybercrime.<br \/>\nThe AGREEMENT ON ORDER PROCESSING according to Article 28 Paragraph 3 of the General Data Protection Regulation (GDPR) was contractually concluded with my hosting provider before May 25, 2018. This can be presented to approved and responsible data protection officers at any time upon request.<\/p>\n<p><strong>\u25a0 COOKIES<\/strong><br \/>\nIf you have a customer account and log in to this website, a temporary cookie will be set to determine whether your browser accepts cookies. This cookie does not contain any personal data and is discarded when you close your browser.<br \/>\nWhen you log in, some cookies are set to save your login information and display options. Login cookies expire after two days and cookies for the display options after one year. If you select \u201cKeep me signed in\u201d when registering, your registration will be maintained for two weeks. When you log out of your account, the login cookies are deleted. <\/p>\n<p>FRAN\u00c7AIS: <\/p>\n<p><strong>\u25a0 R\u00c8GLEMENT DE BASE SUR LA PROTECTION DES DONN\u00c9ES (GDPR)<\/strong><br \/>\nLes sites Artis Diversis ne collectent aucune donn\u00e9e de ses visiteurs. Les donn\u00e9es des clients qui ont \u00e9t\u00e9 volontairement enregistr\u00e9es sont prot\u00e9g\u00e9es et ne seront pas mises \u00e0 la disposition de tiers, \u00e0 l&#8217;exception des int\u00e9r\u00eats l\u00e9gitimes dus \u00e0 des cas suspects et\/ou de la cybercriminalit\u00e9. L&#8217;utilisation de mon site Web s&#8217;effectue par ailleurs sans collecte de donn\u00e9es personnelles des visiteurs du site, \u00e0 l&#8217;exception de l&#8217;existence d&#8217;int\u00e9r\u00eats l\u00e9gitimes en raison de cas suspects et\/ou de cybercriminalit\u00e9.<br \/>\nL&#8217;ACCORD DE TRAITEMENT DES COMMANDES conform\u00e9ment \u00e0 l&#8217;article 28, paragraphe 3, du r\u00e8glement g\u00e9n\u00e9ral sur la protection des donn\u00e9es (RGPD) a \u00e9t\u00e9 conclu contractuellement avec mon h\u00e9bergeur avant le 25 mai 2018. Celui-ci peut \u00eatre pr\u00e9sent\u00e9 \u00e0 tout moment \u00e0 des d\u00e9l\u00e9gu\u00e9s \u00e0 la protection des donn\u00e9es agr\u00e9\u00e9s et responsables sur demande.<\/p>\n<p><strong>\u25a0 COOKIES<\/strong><br \/>\nSi vous avez un compte client et que vous vous connectez \u00e0 ce site Web, un cookie temporaire sera d\u00e9fini pour d\u00e9terminer si votre navigateur accepte les cookies. Ce cookie ne contient aucune donn\u00e9e personnelle et est supprim\u00e9 lorsque vous fermez votre navigateur.<br \/>\nLorsque vous vous connectez, certains cookies sont configur\u00e9s pour enregistrer vos informations de connexion et vos options d&#8217;affichage. Les cookies de connexion expirent au bout de deux jours et les cookies pour les options d&#8217;affichage apr\u00e8s un an. Si vous s\u00e9lectionnez \u00abMe garder connect\u00e9\u00bb lors de l&#8217;inscription, votre inscription sera maintenue pendant deux semaines. Lorsque vous vous d\u00e9connectez de votre compte, les cookies de connexion sont supprim\u00e9s. <\/p>\n<p><script src=\"https:\/\/www.google.com\/recaptcha\/api.js?render=6LflfgcaAAAAALRUm-RSLtn6hDyCKggXZG8E4UCa\"><\/script><br \/>\n<script> function onClick(e) { e.preventDefault(); grecaptcha.ready(function() { grecaptcha.execute('6LflfgcaAAAAALRUm-RSLtn6hDyCKggXZG8E4UCa', {action: 'submit'}).then(function(token) { \/\/ Add your logic to submit to your backend server here. }); }); } <\/script><br \/>\n<script type=\"text\/javascript\" src=\"https:\/\/www.artis-diversis.eu\/stat\/pws.php?mode=js\"><\/script><script type=\"text\/javascript\" src=\"https:\/\/www.artis-diversis.eu\/stat\/plugins\/onclick\/pws_file.php\"><\/script><noscript><img decoding=\"async\" src=\"https:\/\/www.artis-diversis.eu\/stat\/pws.php?mode=img\" style=\"border:0; width:1px; height:1px\" alt=\"noscript-img\"><\/noscript><\/p>\n","protected":false},"excerpt":{"rendered":"<p>DEUTSCH: \u25a0 DATENSCHUTZ-GRUNDVERORDNUNG (DSGVO) Die Artis-Diversis-Webseiten erheben keine Daten seiner Besucher. Die Kundendaten, die freiwillig registriert wurden, sind gesch\u00fctzt und werden Dritter nicht zur Verf\u00fcgung gestellt, ausgenommen ist jedoch das Vorliegen von berechtigten Interessen wegen Verdachtsfall und\/oder ausge\u00fcbter Cyberkriminalit\u00e4t. Die Nutzung meiner Webseiten wird sonst ohne Erfassung von personenbezogenen Daten der Seitenbesucher betrieben, ausgenommen ist &#8230; <a title=\"\u25a0 DATENSCHUTZ | PRIVACY | POLITIQUE DE CONFIDENTIALIT\u00c9\" class=\"read-more\" href=\"https:\/\/artis-diversis.eu\/S\/datenschutzerklaerung\" aria-label=\"Mehr Informationen \u00fcber \u25a0 DATENSCHUTZ | PRIVACY | POLITIQUE DE CONFIDENTIALIT\u00c9\">Weiterlesen<\/a><\/p>\n","protected":false},"author":1,"featured_media":0,"parent":0,"menu_order":0,"comment_status":"closed","ping_status":"closed","template":"","meta":{"footnotes":""},"class_list":["post-3","page","type-page","status-publish"],"_links":{"self":[{"href":"https:\/\/artis-diversis.eu\/S\/wp-json\/wp\/v2\/pages\/3","targetHints":{"allow":["GET"]}}],"collection":[{"href":"https:\/\/artis-diversis.eu\/S\/wp-json\/wp\/v2\/pages"}],"about":[{"href":"https:\/\/artis-diversis.eu\/S\/wp-json\/wp\/v2\/types\/page"}],"author":[{"embeddable":true,"href":"https:\/\/artis-diversis.eu\/S\/wp-json\/wp\/v2\/users\/1"}],"replies":[{"embeddable":true,"href":"https:\/\/artis-diversis.eu\/S\/wp-json\/wp\/v2\/comments?post=3"}],"version-history":[{"count":23,"href":"https:\/\/artis-diversis.eu\/S\/wp-json\/wp\/v2\/pages\/3\/revisions"}],"predecessor-version":[{"id":673,"href":"https:\/\/artis-diversis.eu\/S\/wp-json\/wp\/v2\/pages\/3\/revisions\/673"}],"wp:attachment":[{"href":"https:\/\/artis-diversis.eu\/S\/wp-json\/wp\/v2\/media?parent=3"}],"curies":[{"name":"wp","href":"https:\/\/api.w.org\/{rel}","templated":true}]}}