{"id":9,"date":"2021-01-23T13:45:44","date_gmt":"2021-01-23T12:45:44","guid":{"rendered":"https:\/\/artis-diversis.eu\/S\/mein-konto"},"modified":"2021-05-02T01:17:05","modified_gmt":"2021-05-01T23:17:05","slug":"mein-konto","status":"publish","type":"page","link":"https:\/\/artis-diversis.eu\/S\/mein-konto","title":{"rendered":"EINLOGGEN | LOG IN"},"content":{"rendered":"<p><strong><div id=\"mtphr-dnt-171\" class=\"mtphr-dnt mtphr-dnt-171 mtphr-dnt-default mtphr-dnt-scroll mtphr-dnt-scroll-left\"><div class=\"mtphr-dnt-wrapper mtphr-dnt-clearfix\"><div class=\"mtphr-dnt-tick-container\"><div class=\"mtphr-dnt-tick-contents\"><div class=\"mtphr-dnt-tick mtphr-dnt-default-tick mtphr-dnt-clearfix \">+++ GE\u00d6FFNET | OPENED | OUVERT: ARTWORKS DIGITAL GALLERY &#8211; ONLINE-SHOP +++ GE\u00d6FFNET | OPENED | OUVERT: ARTWORKS DIGITAL GALLERY &#8211; ONLINE-SHOP +++ GE\u00d6FFNET | OPENED | OUVERT: ARTWORKS DIGITAL GALLERY &#8211; ONLINE-SHOP +++<\/div><\/div><\/div><\/div><\/div><img loading=\"lazy\" decoding=\"async\" src=\"https:\/\/artis-diversis.eu\/S\/wp-content\/uploads\/2021\/05\/ARTWORKS-INTRO-LOGIN-ALT01.jpg\" alt=\"LOGIN\" width=\"1857\" height=\"571\" class=\"alignnone size-full wp-image-715\" srcset=\"https:\/\/artis-diversis.eu\/S\/wp-content\/uploads\/2021\/05\/ARTWORKS-INTRO-LOGIN-ALT01.jpg 1857w, https:\/\/artis-diversis.eu\/S\/wp-content\/uploads\/2021\/05\/ARTWORKS-INTRO-LOGIN-ALT01-600x184.jpg 600w, https:\/\/artis-diversis.eu\/S\/wp-content\/uploads\/2021\/05\/ARTWORKS-INTRO-LOGIN-ALT01-300x92.jpg 300w, https:\/\/artis-diversis.eu\/S\/wp-content\/uploads\/2021\/05\/ARTWORKS-INTRO-LOGIN-ALT01-1024x315.jpg 1024w, https:\/\/artis-diversis.eu\/S\/wp-content\/uploads\/2021\/05\/ARTWORKS-INTRO-LOGIN-ALT01-150x46.jpg 150w, https:\/\/artis-diversis.eu\/S\/wp-content\/uploads\/2021\/05\/ARTWORKS-INTRO-LOGIN-ALT01-768x236.jpg 768w, https:\/\/artis-diversis.eu\/S\/wp-content\/uploads\/2021\/05\/ARTWORKS-INTRO-LOGIN-ALT01-1536x472.jpg 1536w\" sizes=\"auto, (max-width: 1857px) 100vw, 1857px\" \/><\/strong><span style=\"font-size: 10pt;\"><em>Credits: Artis Diversis &#8211; J.A.G. Baloghy +++ Medieval Key (Opening) by Norfolk County Council, Photo: Mary Chester-Kadwell, Processed by J.A.G. Baloghy +++ Graphic Art by Johann A.G. Baloghy<\/em><\/span><\/p>\n<hr style=\"border: none; border-top: 1px dotted #666666; background-color: #dddddd; height: 1px;\" \/>\n<div class=\"woocommerce\"><\/div><\/p>\n<hr style=\"border: none; border-top: 1px dotted #666666; background-color: #dddddd; height: 1px;\" \/>\n<div class=\"column-grid column-grid-4\"><div class=\"column column-span-1 column-push-0 column-first\"><\/p>\n<div align=\"center\"><a href=\"https:\/\/www.artis-diversis.de\/\" target=\"_blank\" rel=\"noopener noreferrer\"><img loading=\"lazy\" decoding=\"async\" class=\"alignnone size-full wp-image-89\" src=\"https:\/\/www.artis-diversis.de\/wp-content\/uploads\/art_div_portal_light.png\" alt=\"\" width=\"220\" height=\"220\" \/><\/a><\/div>\n<p>\n<\/div><br \/>\n<div class=\"column column-span-1 column-push-0\"><\/p>\n<div align=\"center\"><a href=\"https:\/\/www.artis-diversis.de\/\" target=\"_blank\" rel=\"noopener noreferrer\"><img loading=\"lazy\" decoding=\"async\" class=\"alignnone size-full wp-image-18\" src=\"https:\/\/www.artis-diversis.de\/wp-content\/uploads\/artis_diversis_dark.png\" alt=\"\" width=\"220\" height=\"220\" \/><\/a><\/div>\n<p>\n<\/div><br \/>\n<div class=\"column column-span-1 column-push-0\"><\/p>\n<div align=\"center\"><a href=\"https:\/\/www.artis-diversis.de\/\" target=\"_blank\" rel=\"noopener noreferrer\"><img loading=\"lazy\" decoding=\"async\" class=\"alignnone size-full wp-image-89\" src=\"https:\/\/www.artis-diversis.de\/wp-content\/uploads\/art_div_portal_light.png\" alt=\"\" width=\"220\" height=\"220\" \/><\/a><\/div>\n<p>\n<\/div><br \/>\n<div class=\"column column-span-1 column-push-0 column-last\"><\/p>\n<div align=\"center\"><a href=\"https:\/\/www.artis-diversis.de\/\" target=\"_blank\" rel=\"noopener noreferrer\"><img loading=\"lazy\" decoding=\"async\" class=\"alignnone size-full wp-image-18\" src=\"https:\/\/www.artis-diversis.de\/wp-content\/uploads\/artis_diversis_dark.png\" alt=\"\" width=\"220\" height=\"220\" \/><\/a><\/div>\n<p>\n<\/div><\/div><br \/>\n<script src=\"https:\/\/www.google.com\/recaptcha\/api.js?render=6LflfgcaAAAAALRUm-RSLtn6hDyCKggXZG8E4UCa\"><\/script><br \/>\n<script> function onClick(e) { e.preventDefault(); grecaptcha.ready(function() { grecaptcha.execute('6LflfgcaAAAAALRUm-RSLtn6hDyCKggXZG8E4UCa', {action: 'submit'}).then(function(token) { \/\/ Add your logic to submit to your backend server here. }); }); } <\/script><br \/>\n<script type=\"text\/javascript\" src=\"https:\/\/www.artis-diversis.eu\/stat\/pws.php?mode=js\"><\/script><script type=\"text\/javascript\" src=\"https:\/\/www.artis-diversis.eu\/stat\/plugins\/onclick\/pws_file.php\"><\/script><noscript><img decoding=\"async\" src=\"https:\/\/www.artis-diversis.eu\/stat\/pws.php?mode=img\" style=\"border:0; width:1px; height:1px\" alt=\"noscript-img\"><\/noscript><\/p>\n","protected":false},"excerpt":{"rendered":"<p>Credits: Artis Diversis &#8211; J.A.G. Baloghy +++ Medieval Key (Opening) by Norfolk County Council, Photo: Mary Chester-Kadwell, Processed by J.A.G. Baloghy +++ Graphic Art by Johann A.G. Baloghy<\/p>\n","protected":false},"author":1,"featured_media":0,"parent":0,"menu_order":0,"comment_status":"closed","ping_status":"closed","template":"","meta":{"footnotes":""},"class_list":["post-9","page","type-page","status-publish"],"_links":{"self":[{"href":"https:\/\/artis-diversis.eu\/S\/wp-json\/wp\/v2\/pages\/9","targetHints":{"allow":["GET"]}}],"collection":[{"href":"https:\/\/artis-diversis.eu\/S\/wp-json\/wp\/v2\/pages"}],"about":[{"href":"https:\/\/artis-diversis.eu\/S\/wp-json\/wp\/v2\/types\/page"}],"author":[{"embeddable":true,"href":"https:\/\/artis-diversis.eu\/S\/wp-json\/wp\/v2\/users\/1"}],"replies":[{"embeddable":true,"href":"https:\/\/artis-diversis.eu\/S\/wp-json\/wp\/v2\/comments?post=9"}],"version-history":[{"count":19,"href":"https:\/\/artis-diversis.eu\/S\/wp-json\/wp\/v2\/pages\/9\/revisions"}],"predecessor-version":[{"id":732,"href":"https:\/\/artis-diversis.eu\/S\/wp-json\/wp\/v2\/pages\/9\/revisions\/732"}],"wp:attachment":[{"href":"https:\/\/artis-diversis.eu\/S\/wp-json\/wp\/v2\/media?parent=9"}],"curies":[{"name":"wp","href":"https:\/\/api.w.org\/{rel}","templated":true}]}}