{"id":628,"date":"2021-04-29T21:05:40","date_gmt":"2021-04-29T19:05:40","guid":{"rendered":"https:\/\/artis-diversis.eu\/S\/?post_type=product&#038;p=628"},"modified":"2023-07-20T22:54:24","modified_gmt":"2023-07-20T20:54:24","slug":"%e2%96%a0-artwork-nr-999005-%e2%96%a0-warten-auf-die-fruehling-%e2%96%a0-serie-%e2%96%a0-waiting-for-the-spring-%e2%96%a0-series-%e2%96%a0-en-attente-du-printemps-%e2%96%a0-serie","status":"publish","type":"product","link":"https:\/\/artis-diversis.eu\/S\/produkt\/%e2%96%a0-artwork-nr-999005-%e2%96%a0-warten-auf-die-fruehling-%e2%96%a0-serie-%e2%96%a0-waiting-for-the-spring-%e2%96%a0-series-%e2%96%a0-en-attente-du-printemps-%e2%96%a0-serie","title":{"rendered":"\u25a0 ARTWORK NR. 999005<br> \u25a0 WARTEN AUF DIE FR\u00dcHLING<br> \u25a0 SERIE<br> \u25a0 WAITING FOR THE SPRING<br> \u25a0 SERIES<br> \u25a0 EN ATTENTE DU PRINTEMPS<br> \u25a0 S\u00c9RIE"},"content":{"rendered":"<p><strong>\u25a0 DATENBLATT | \u25a0 FACT-SHEET | \u25a0 FICHE TECHNIQUE D&#8217;INFORMATION<\/strong><\/p>\n<p>\u25a0 LANDSCHAFTEN \u25a0 WARTEN AUF DIE FR\u00dcHLING 3 \u25a0 SERIE<br \/>\n\u25a0 LANDSCAPES \u25a0 WAITING FOR THE SPRING 3 \u25a0 SERIES<br \/>\n\u25a0 PAYSAGES \u25a0 EN ATTENTE DU PRINTEMPS 3 \u25a0 S\u00c9RIE<\/p>\n<p>\u25a0 DAS MOTTO | THE MOTTO | LA DEVISE:<br \/>\nGenerative Kunst &#8211; Reduktion | Generative Art &#8211; Reduction | G\u00e9n\u00e9tative Art &#8211; R\u00e9duction<\/p>\n<p>\u25a0 KUNSTDRUCK | ART PRINTING | IMPRESSION D&#8217;ART<br \/>\n\u25a0 JAHR | YEAR | ANNEE: 2021<br \/>\n\u25a0 KUENSTLER | ARTIST | ARTISTE: Johann A.G. Baloghy<\/p>\n<p>\u25a0 TECHNIK | TECHNIQUE | TECHNIQUE:<br \/>\nDas Original Kunstwerk besteht aus einer eigenen k\u00fcnstlerischen, digitalen Fotografie in hoher Aufl\u00f6sung. Diese wurde, mit diversen konventionellen, manuellen digitalisier Grafiktablett\/Stift\/Pinsel und parametrisierten Generative-Kunst Prozeduren, in ein expressionistisches Kunstwerk verarbeitet. Das Kunstwerk wurde auf K\u00fcnstler-Exemplar(e) und 1 Verkauf-Exemplar limitiert bzw. als hochwertiger Kunstdruck auf Leinwand, realisiert.<br \/>\n+++<br \/>\nThe original work of art consists of its own artistic, digital photography in high resolution. This was processed into an expressionist work of art using various conventional, manual digitizing graphics tablet\/pen\/brush and parameterized generative art procedures. The work of art was limited to artist&#8217;s copy(s) and 1 sales copy and was realized as a high-quality art print on canvas.<br \/>\n+++<br \/>\nL&#8217;\u0153uvre d&#8217;art originale se compose de sa propre photographie artistique, num\u00e9rique en haute r\u00e9solution. Cela a \u00e9t\u00e9 transform\u00e9 en une \u0153uvre d&#8217;art expressioniste en utilisant diverses proc\u00e9dures conventionnelles, manuelles avec num\u00e9risation de la tablette graphique\/stylo\/pinceau num\u00e9rique et d&#8217;art g\u00e9n\u00e9ratif param\u00e9tr\u00e9es.L&#8217;\u0153uvre d&#8217;art \u00e9tait limit\u00e9e \u00e0 la (aux) copie(s) d&#8217;artiste et \u00e0 1 exemplaire de vente et a \u00e9t\u00e9 r\u00e9alis\u00e9e comme une impression d&#8217;art de haute qualit\u00e9 sur toile.<br \/>\n+++<\/p>\n<p><div id=\"envira-gallery-wrap-506\" class=\"envira-gallery-wrap envira-gallery-theme-base envira-lightbox-theme-base\" itemscope itemtype=\"https:\/\/schema.org\/ImageGallery\"><div data-row-height=\"\" data-gallery-theme=\"\" id=\"envira-gallery-506\" class=\"envira-gallery-public  envira-gallery-4-columns envira-clear enviratope envira-gallery-css-animations\" data-envira-columns=\"4\"><div id=\"envira-gallery-item-507\" class=\"envira-gallery-item enviratope-item envira-gallery-item-1 envira-lazy-load\" style=\"padding-left: 5px; padding-bottom: 10px; padding-right: 5px;\"  itemscope itemtype=\"https:\/\/schema.org\/ImageObject\"><div class=\"envira-gallery-item-inner\"><div class=\"envira-gallery-position-overlay  envira-gallery-top-left\"><\/div><div class=\"envira-gallery-position-overlay  envira-gallery-top-right\"><\/div><div class=\"envira-gallery-position-overlay  envira-gallery-bottom-left\"><\/div><div class=\"envira-gallery-position-overlay  envira-gallery-bottom-right\"><\/div><a href=\"https:\/\/artis-diversis.eu\/S\/wp-content\/uploads\/2021\/04\/WAITING-FOR-SPRING-EXAMPLE-01-ADG-WLhWZjdhTO.jpg\" class=\"envira-gallery-506 envira-gallery-link\" rel=\"enviragallery506\" title=\"\u25a0 &Uuml;BERSICHT \u25a0 OVERVIEW \u25a0 APER&Ccedil;U\" data-envira-caption=\"\u25a0 &Uuml;BERSICHT \u25a0 OVERVIEW \u25a0 APER&Ccedil;U\" data-envira-retina=\"\" data-thumbnail=\"\"  itemprop=\"contentUrl\"><div class=\"envira-lazy\" data-test-width=\"300\" data-test-height=\"224\" style=\"padding-bottom:74.666666666667%;\"><img decoding=\"async\" id=\"envira-gallery-image-507\" class=\"envira-gallery-image envira-gallery-image-1\" data-envira-index=\"1\" src=\"https:\/\/artis-diversis.eu\/S\/wp-content\/uploads\/2021\/04\/WAITING-FOR-SPRING-EXAMPLE-01-ADG-WLhWZjdhTO.jpg\" data-envira-src=\"https:\/\/artis-diversis.eu\/S\/wp-content\/uploads\/2021\/04\/WAITING-FOR-SPRING-EXAMPLE-01-ADG-WLhWZjdhTO.jpg\" data-envira-gallery-id=\"506\" data-envira-item-id=\"507\" data-envira-caption=\"\u25a0 &Uuml;BERSICHT \u25a0 OVERVIEW \u25a0 APER&Ccedil;U\" alt=\"\" title=\"\u25a0 &amp;Uuml;BERSICHT \u25a0 OVERVIEW \u25a0 APER&amp;Ccedil;U\"  itemprop=\"thumbnailUrl\" data-envira-srcset=\"https:\/\/artis-diversis.eu\/S\/wp-content\/uploads\/2021\/04\/WAITING-FOR-SPRING-EXAMPLE-01-ADG-WLhWZjdhTO.jpg 400w,https:\/\/artis-diversis.eu\/S\/wp-content\/uploads\/2021\/04\/WAITING-FOR-SPRING-EXAMPLE-01-ADG-WLhWZjdhTO.jpg 2x\" srcset=\"data:image\/gif;base64,R0lGODlhAQABAIAAAP\/\/\/\/\/\/\/yH5BAEKAAEALAAAAAABAAEAAAICTAEAOw==\" \/><\/div><\/a><\/div><\/div><div id=\"envira-gallery-item-508\" class=\"envira-gallery-item enviratope-item envira-gallery-item-2 envira-lazy-load\" style=\"padding-left: 5px; padding-bottom: 10px; padding-right: 5px;\"  itemscope itemtype=\"https:\/\/schema.org\/ImageObject\"><div class=\"envira-gallery-item-inner\"><div class=\"envira-gallery-position-overlay  envira-gallery-top-left\"><\/div><div class=\"envira-gallery-position-overlay  envira-gallery-top-right\"><\/div><div class=\"envira-gallery-position-overlay  envira-gallery-bottom-left\"><\/div><div class=\"envira-gallery-position-overlay  envira-gallery-bottom-right\"><\/div><a href=\"https:\/\/artis-diversis.eu\/S\/wp-content\/uploads\/2021\/04\/WAITING-FOR-SPRING-EXAMPLE-02-ADG-WLhWZjdhTO.jpg\" class=\"envira-gallery-506 envira-gallery-link\" rel=\"enviragallery506\" title=\"\u25a0 DETAIL - SCHWARZER RAND, ~ 38MM DICK \u25a0 DETAIL - BLACK BORDER, ~38MM THICK \u25a0 D&Eacute;TAIL - BORDURE NOIRE, ~ 38 MM D&amp;#039;&Eacute;PAISSEUR\" data-envira-caption=\"\u25a0 DETAIL - SCHWARZER RAND, ~ 38MM DICK \u25a0 DETAIL - BLACK BORDER, ~38MM THICK \u25a0 D&Eacute;TAIL - BORDURE NOIRE, ~ 38 MM D&amp;#039;&Eacute;PAISSEUR\" data-envira-retina=\"\" data-thumbnail=\"\"  itemprop=\"contentUrl\"><div class=\"envira-lazy\" data-test-width=\"300\" data-test-height=\"224\" style=\"padding-bottom:74.666666666667%;\"><img decoding=\"async\" id=\"envira-gallery-image-508\" class=\"envira-gallery-image envira-gallery-image-2\" data-envira-index=\"2\" src=\"https:\/\/artis-diversis.eu\/S\/wp-content\/uploads\/2021\/04\/WAITING-FOR-SPRING-EXAMPLE-02-ADG-WLhWZjdhTO.jpg\" data-envira-src=\"https:\/\/artis-diversis.eu\/S\/wp-content\/uploads\/2021\/04\/WAITING-FOR-SPRING-EXAMPLE-02-ADG-WLhWZjdhTO.jpg\" data-envira-gallery-id=\"506\" data-envira-item-id=\"508\" data-envira-caption=\"\u25a0 DETAIL - SCHWARZER RAND, ~ 38MM DICK \u25a0 DETAIL - BLACK BORDER, ~38MM THICK \u25a0 D&Eacute;TAIL - BORDURE NOIRE, ~ 38 MM D&amp;#039;&Eacute;PAISSEUR\" alt=\"\" title=\"\u25a0 DETAIL - SCHWARZER RAND, ~ 38MM DICK \u25a0 DETAIL - BLACK BORDER, ~38MM THICK \u25a0 D&amp;Eacute;TAIL - BORDURE NOIRE, ~ 38 MM D&amp;amp;#039;&amp;Eacute;PAISSEUR\"  itemprop=\"thumbnailUrl\" data-envira-srcset=\"https:\/\/artis-diversis.eu\/S\/wp-content\/uploads\/2021\/04\/WAITING-FOR-SPRING-EXAMPLE-02-ADG-WLhWZjdhTO.jpg 400w,https:\/\/artis-diversis.eu\/S\/wp-content\/uploads\/2021\/04\/WAITING-FOR-SPRING-EXAMPLE-02-ADG-WLhWZjdhTO.jpg 2x\" srcset=\"data:image\/gif;base64,R0lGODlhAQABAIAAAP\/\/\/\/\/\/\/yH5BAEKAAEALAAAAAABAAEAAAICTAEAOw==\" \/><\/div><\/a><\/div><\/div><div id=\"envira-gallery-item-509\" class=\"envira-gallery-item enviratope-item envira-gallery-item-3 envira-lazy-load\" style=\"padding-left: 5px; padding-bottom: 10px; padding-right: 5px;\"  itemscope itemtype=\"https:\/\/schema.org\/ImageObject\"><div class=\"envira-gallery-item-inner\"><div class=\"envira-gallery-position-overlay  envira-gallery-top-left\"><\/div><div class=\"envira-gallery-position-overlay  envira-gallery-top-right\"><\/div><div class=\"envira-gallery-position-overlay  envira-gallery-bottom-left\"><\/div><div class=\"envira-gallery-position-overlay  envira-gallery-bottom-right\"><\/div><a href=\"https:\/\/artis-diversis.eu\/S\/wp-content\/uploads\/2021\/04\/WAITING-FOR-SPRING-EXAMPLE-03-ADG-WLhWZjdhTO.jpg\" class=\"envira-gallery-506 envira-gallery-link\" rel=\"enviragallery506\" title=\"\u25a0 DETAIL - LEINWAND \u25a0 DETAIL - CANVAS \u25a0 D&Eacute;TAIL - TOILE\" data-envira-caption=\"\u25a0 DETAIL - LEINWAND \u25a0 DETAIL - CANVAS \u25a0 D&Eacute;TAIL - TOILE\" data-envira-retina=\"\" data-thumbnail=\"\"  itemprop=\"contentUrl\"><div class=\"envira-lazy\" data-test-width=\"300\" data-test-height=\"224\" style=\"padding-bottom:74.666666666667%;\"><img decoding=\"async\" id=\"envira-gallery-image-509\" class=\"envira-gallery-image envira-gallery-image-3\" data-envira-index=\"3\" src=\"https:\/\/artis-diversis.eu\/S\/wp-content\/uploads\/2021\/04\/WAITING-FOR-SPRING-EXAMPLE-03-ADG-WLhWZjdhTO.jpg\" data-envira-src=\"https:\/\/artis-diversis.eu\/S\/wp-content\/uploads\/2021\/04\/WAITING-FOR-SPRING-EXAMPLE-03-ADG-WLhWZjdhTO.jpg\" data-envira-gallery-id=\"506\" data-envira-item-id=\"509\" data-envira-caption=\"\u25a0 DETAIL - LEINWAND \u25a0 DETAIL - CANVAS \u25a0 D&Eacute;TAIL - TOILE\" alt=\"\" title=\"\u25a0 DETAIL - LEINWAND \u25a0 DETAIL - CANVAS \u25a0 D&amp;Eacute;TAIL - TOILE\"  itemprop=\"thumbnailUrl\" data-envira-srcset=\"https:\/\/artis-diversis.eu\/S\/wp-content\/uploads\/2021\/04\/WAITING-FOR-SPRING-EXAMPLE-03-ADG-WLhWZjdhTO.jpg 400w,https:\/\/artis-diversis.eu\/S\/wp-content\/uploads\/2021\/04\/WAITING-FOR-SPRING-EXAMPLE-03-ADG-WLhWZjdhTO.jpg 2x\" srcset=\"data:image\/gif;base64,R0lGODlhAQABAIAAAP\/\/\/\/\/\/\/yH5BAEKAAEALAAAAAABAAEAAAICTAEAOw==\" \/><\/div><\/a><\/div><\/div><div id=\"envira-gallery-item-510\" class=\"envira-gallery-item enviratope-item envira-gallery-item-4 envira-lazy-load\" style=\"padding-left: 5px; padding-bottom: 10px; padding-right: 5px;\"  itemscope itemtype=\"https:\/\/schema.org\/ImageObject\"><div class=\"envira-gallery-item-inner\"><div class=\"envira-gallery-position-overlay  envira-gallery-top-left\"><\/div><div class=\"envira-gallery-position-overlay  envira-gallery-top-right\"><\/div><div class=\"envira-gallery-position-overlay  envira-gallery-bottom-left\"><\/div><div class=\"envira-gallery-position-overlay  envira-gallery-bottom-right\"><\/div><a href=\"https:\/\/artis-diversis.eu\/S\/wp-content\/uploads\/2021\/04\/WAITING-FOR-SPRING-EXAMPLE-04-ADG-WLhWZjdhTO.jpg\" class=\"envira-gallery-506 envira-gallery-link\" rel=\"enviragallery506\" title=\"\u25a0 DETAIL - SIGNATUR \u25a0 DETAIL - SIGNATURE \u25a0 D&Eacute;TAIL - SIGNATURE\" data-envira-caption=\"\u25a0 DETAIL - SIGNATUR \u25a0 DETAIL - SIGNATURE \u25a0 D&Eacute;TAIL - SIGNATURE\" data-envira-retina=\"\" data-thumbnail=\"\"  itemprop=\"contentUrl\"><div class=\"envira-lazy\" data-test-width=\"300\" data-test-height=\"224\" style=\"padding-bottom:74.666666666667%;\"><img decoding=\"async\" id=\"envira-gallery-image-510\" class=\"envira-gallery-image envira-gallery-image-4\" data-envira-index=\"4\" src=\"https:\/\/artis-diversis.eu\/S\/wp-content\/uploads\/2021\/04\/WAITING-FOR-SPRING-EXAMPLE-04-ADG-WLhWZjdhTO.jpg\" data-envira-src=\"https:\/\/artis-diversis.eu\/S\/wp-content\/uploads\/2021\/04\/WAITING-FOR-SPRING-EXAMPLE-04-ADG-WLhWZjdhTO.jpg\" data-envira-gallery-id=\"506\" data-envira-item-id=\"510\" data-envira-caption=\"\u25a0 DETAIL - SIGNATUR \u25a0 DETAIL - SIGNATURE \u25a0 D&Eacute;TAIL - SIGNATURE\" alt=\"\" title=\"\u25a0 DETAIL - SIGNATUR \u25a0 DETAIL - SIGNATURE \u25a0 D&amp;Eacute;TAIL - SIGNATURE\"  itemprop=\"thumbnailUrl\" data-envira-srcset=\"https:\/\/artis-diversis.eu\/S\/wp-content\/uploads\/2021\/04\/WAITING-FOR-SPRING-EXAMPLE-04-ADG-WLhWZjdhTO.jpg 400w,https:\/\/artis-diversis.eu\/S\/wp-content\/uploads\/2021\/04\/WAITING-FOR-SPRING-EXAMPLE-04-ADG-WLhWZjdhTO.jpg 2x\" srcset=\"data:image\/gif;base64,R0lGODlhAQABAIAAAP\/\/\/\/\/\/\/yH5BAEKAAEALAAAAAABAAEAAAICTAEAOw==\" \/><\/div><\/a><\/div><\/div><\/div><\/div><noscript><img decoding=\"async\" src=\"https:\/\/artis-diversis.eu\/S\/wp-content\/uploads\/2021\/04\/WAITING-FOR-SPRING-EXAMPLE-01-ADG-WLhWZjdhTO.jpg\" alt=\"\" \/><img decoding=\"async\" src=\"https:\/\/artis-diversis.eu\/S\/wp-content\/uploads\/2021\/04\/WAITING-FOR-SPRING-EXAMPLE-02-ADG-WLhWZjdhTO.jpg\" alt=\"\" \/><img decoding=\"async\" src=\"https:\/\/artis-diversis.eu\/S\/wp-content\/uploads\/2021\/04\/WAITING-FOR-SPRING-EXAMPLE-03-ADG-WLhWZjdhTO.jpg\" alt=\"\" \/><img decoding=\"async\" src=\"https:\/\/artis-diversis.eu\/S\/wp-content\/uploads\/2021\/04\/WAITING-FOR-SPRING-EXAMPLE-04-ADG-WLhWZjdhTO.jpg\" alt=\"\" \/><\/noscript><span style=\"font-size: 10pt;\"><i>Ausgestelltes Beispiel | exhibited example | exemple expos\u00e9 &#8211; Credits: Artis Diversis &#8211; J.A.G. Baloghy &#8211; All rights reserved<\/i><\/span><\/p>\n<p>\u25a0 ABMESSUNG | DIMENSION | DIMENSION:<br \/>\nH\/H\/T ~400 mm, B\/W\/L ~600 mm<\/p>\n<p>\u25a0 AUSSTELLUNGSORT | EXHIBITION LOCATION | LIEU DE L&#8217;EXPOSITION<br \/>\nAusschlie\u00dflich im Innenraum mit normalen Innenraumtemperaturen und normalen Innenraum Luftfeuchtigkeiten (z. B. Wohnzimmer). Keine direkte Bestrahlung\/Belichtung mit Kunst- oder Sonnenlicht.<br \/>\n+++<br \/>\nOnly in the interior with normal interior temperatures and normal interior humidity (e.g. living room). No direct irradiation\/exposure to artificial or sunlight.<br \/>\n+++<br \/>\nUniquement \u00e0 l&#8217;int\u00e9rieur avec des temp\u00e9ratures int\u00e9rieures normales et une humidit\u00e9 int\u00e9rieure normale (par ex. Salon). Aucune irradiation\/exposition directe \u00e0 la lumi\u00e8re artificielle ou \u00e0 la lumi\u00e8re du soleil.<\/p>\n<p>\u25a0 REINIGUNG | CLEANING | NETTOYAGE<br \/>\nEventuell aufgelagerter Staub kann mit einer weichen und trockenen Flachb\u00fcrste entfernt werden.<br \/>\n+++<br \/>\nAny accumulated dust can be removed with a soft, dry flat brush.<br \/>\n+++<br \/>\nToute poussi\u00e8re accumul\u00e9e peut \u00eatre \u00e9limin\u00e9e avec une brosse plate douce et s\u00e8che.<\/p>\n","protected":false},"excerpt":{"rendered":"<p style=\"text-align: justify; color: #333333; font-size: 10.0pt;\"><strong>WICHTIGER HINWEIS:<\/strong><br \/>\nBei der Selbstabholung der bestellten Kunstwerke, durch K\u00e4ufer, entfallen die Versandkosten.<br \/>\nBitte vor der Bestellung, vereinbaren Sie einen Abholtermin und Sie erhalten den Gutscheincode f\u00fcr Ihrer versandkostenfreien Bestellung per E-Mail mit Terminbest\u00e4tigung. F\u00fcgen Sie diesen Gutscheincode in das Eingabefeld Ihres Warenkorbes und klicken Sie bitte auf [Gutschein anwenden], dann [Weiter zur Kasse]!<br \/>\nNach erfolgreichem Bestellungseingang kann die Bestellung am vereinbarten Termin abgeholt werden.<\/p>\n<p style=\"text-align: justify; color: #333333; font-size: 10.0pt;\"><strong>IMPORTANT NOTE:<\/strong><br \/>\nIf the buyer collects the ordered works of art himself, there are no shipping costs.<br \/>\nBefore ordering, please arrange a pick-up date and you will receive the voucher code for your free shipping order by email with an appointment confirmation. Add this voucher code into the input field of your shopping cart and click on [Gutschein anwenden], then [Weiter zur Kasse]!<br \/>\nAfter the order has been successfully received, it can be picked up on the agreed date.<\/p>\n<p style=\"text-align: justify; color: #333333; font-size: 10.0pt;\"><strong>NOTE IMPORTANTE:<\/strong><br \/>\nSi l&#8217;acheteur r\u00e9cup\u00e8re lui-m\u00eame les \u0153uvres d&#8217;art command\u00e9es, il n&#8217;y a pas de frais d&#8217;exp\u00e9dition.<br \/>\nAvant de commander, veuillez convenir d&#8217;une date de prise en charge et vous recevrez le code du bon d&#8217;achat pour votre commande de livraison gratuite par e-mail avec une confirmation de rendez-vous. Ajoutez ce code de bon d&#8217;achat dans le champ de saisie de votre panier et cliquez sur [Gutschein anwenden], puis sur [Weiter zur Kasse]!<br \/>\nUne fois la commande re\u00e7ue, elle peut \u00eatre r\u00e9cup\u00e9r\u00e9e \u00e0 la date convenue.<\/p>\n","protected":false},"featured_media":490,"template":"","meta":[],"product_brand":[],"product_cat":[35,41],"product_tag":[52,50,36,42],"class_list":{"0":"post-628","1":"product","2":"type-product","3":"status-publish","4":"has-post-thumbnail","6":"product_cat-digitale-fotografik-digital-photo-graphic-photographique-numerique","7":"product_cat-kunstdruck-art-print-impression-dart","8":"product_tag--generative-kunst-generative-art-generative-art","9":"product_tag--grafik-graphics-graphiques","10":"product_tag-landschaften-landscapes-paysages","11":"product_tag-natur-natur-nature","12":"product_shipping_class-gewicht-bis-2-kg","14":"first","15":"instock","16":"sold-individually","17":"taxable","18":"shipping-taxable","19":"purchasable","20":"product-type-simple"},"_links":{"self":[{"href":"https:\/\/artis-diversis.eu\/S\/wp-json\/wp\/v2\/product\/628","targetHints":{"allow":["GET"]}}],"collection":[{"href":"https:\/\/artis-diversis.eu\/S\/wp-json\/wp\/v2\/product"}],"about":[{"href":"https:\/\/artis-diversis.eu\/S\/wp-json\/wp\/v2\/types\/product"}],"wp:featuredmedia":[{"embeddable":true,"href":"https:\/\/artis-diversis.eu\/S\/wp-json\/wp\/v2\/media\/490"}],"wp:attachment":[{"href":"https:\/\/artis-diversis.eu\/S\/wp-json\/wp\/v2\/media?parent=628"}],"wp:term":[{"taxonomy":"product_brand","embeddable":true,"href":"https:\/\/artis-diversis.eu\/S\/wp-json\/wp\/v2\/product_brand?post=628"},{"taxonomy":"product_cat","embeddable":true,"href":"https:\/\/artis-diversis.eu\/S\/wp-json\/wp\/v2\/product_cat?post=628"},{"taxonomy":"product_tag","embeddable":true,"href":"https:\/\/artis-diversis.eu\/S\/wp-json\/wp\/v2\/product_tag?post=628"}],"curies":[{"name":"wp","href":"https:\/\/api.w.org\/{rel}","templated":true}]}}